{"id":3374,"date":"2026-04-17T11:10:14","date_gmt":"2026-04-17T11:10:14","guid":{"rendered":"https:\/\/dostudni.com\/index.php\/produkt\/zlaczka-zaciskowa-z-gwintem-zewnetrznym-pa-63x2\/"},"modified":"2026-04-20T10:35:53","modified_gmt":"2026-04-20T10:35:53","slug":"zlaczka-zaciskowa-z-gwintem-zewnetrznym-pa-63x2","status":"publish","type":"product","link":"https:\/\/dostudni.com\/index.php\/produkt\/zlaczka-zaciskowa-z-gwintem-zewnetrznym-pa-63x2\/","title":{"rendered":"Z\u0142\u0105czka zaciskowa z gwintem zewn\u0119trznym &#8222;PA&#8221; 63&#215;2&#8243;"},"content":{"rendered":"<p>Z\u0141\u0104CZKA ZACISKOWA Z GWINTEM ZEWN\u0118TRZNYM \u201ePA\u201d 63 x 2&#8243;<\/p>\n<p>Przedmiotem sprzeda\u017cy jest z\u0142\u0105czka zaciskowa typu \u201ePA\u201d z gwintem zewn\u0119trznym o wymiarze 63 x 2&#8243;, przeznaczona do \u0142\u0105czenia rur w instalacjach wodoci\u0105gowych i kanalizacyjnych.<\/p>\n<p>Opis:<br \/>\nZ\u0142\u0105czka zaciskowa z gwintem zewn\u0119trznym 63 x 2&#8243; jest idealnym rozwi\u0105zaniem do \u0142\u0105czenia rur PE z elementami gwintowanymi. Dzi\u0119ki konstrukcji zaciskowej monta\u017c jest szybki i \u0142atwy, a po\u0142\u0105czenie \u2013 szczelne i trwa\u0142e. Z\u0142\u0105czka charakteryzuje si\u0119 wysok\u0105 odporno\u015bci\u0105 na warunki eksploatacyjne, co zapewnia d\u0142ugotrwa\u0142e u\u017cytkowanie bez ryzyka wyciek\u00f3w.<\/p>\n<p>Specyfikacja:<\/p>\n<p>* typ: z\u0142\u0105czka zaciskowa<br \/>\n* oznaczenie: \u201ePA\u201d<br \/>\n* rozmiar: 63 x 2&#8243;<br \/>\n* gwint: zewn\u0119trzny<br \/>\n* materia\u0142: tworzywo sztuczne \/ metal (w zale\u017cno\u015bci od wersji)<\/p>\n<p>Zastosowanie:<\/p>\n<p>* instalacje wodoci\u0105gowe<br \/>\n* systemy kanalizacyjne<br \/>\n* po\u0142\u0105czenia rur z armatur\u0105 gwintowan\u0105<br \/>\n* prace monta\u017cowe w systemach PE<\/p>\n<p>Stan produktu:<br \/>\nProdukt nowy, fabrycznie nieu\u017cywany.<\/p>\n<p>Dodatkowe informacje:<\/p>\n<p>* szybki i \u0142atwy monta\u017c<br \/>\n* solidne i szczelne po\u0142\u0105czenie<br \/>\n* odporno\u015b\u0107 na dzia\u0142anie wody i warunk\u00f3w atmosferycznych<\/p>\n<p>Zapraszam do zakupu.<\/p>\n","protected":false},"excerpt":{"rendered":"<p>Z\u0141\u0104CZKA ZACISKOWA Z GWINTEM ZEWN\u0118TRZNYM \u201ePA\u201d 63 x 2&#8243; Przedmiotem sprzeda\u017cy jest z\u0142\u0105czka zaciskowa typu \u201ePA\u201d z gwintem zewn\u0119trznym o wymiarze 63 x 2&#8243;, przeznaczona do \u0142\u0105czenia rur w instalacjach wodoci\u0105gowych i kanalizacyjnych. Opis: Z\u0142\u0105czka zaciskowa z gwintem zewn\u0119trznym 63 x 2&#8243; jest idealnym rozwi\u0105zaniem do \u0142\u0105czenia rur PE z elementami gwintowanymi. Dzi\u0119ki konstrukcji zaciskowej [&hellip;]<\/p>\n","protected":false},"featured_media":3373,"comment_status":"open","ping_status":"closed","template":"","meta":[],"dostudni_label":[],"product_brand":[],"product_cat":[76],"product_tag":[],"class_list":{"0":"post-3374","1":"product","2":"type-product","3":"status-publish","4":"has-post-thumbnail","6":"product_cat-zlaczki","7":"product_shipping_class-srednie-paczki","9":"first","10":"instock","11":"taxable","12":"shipping-taxable","13":"purchasable","14":"product-type-simple"},"_links":{"self":[{"href":"https:\/\/dostudni.com\/index.php\/wp-json\/wp\/v2\/product\/3374","targetHints":{"allow":["GET"]}}],"collection":[{"href":"https:\/\/dostudni.com\/index.php\/wp-json\/wp\/v2\/product"}],"about":[{"href":"https:\/\/dostudni.com\/index.php\/wp-json\/wp\/v2\/types\/product"}],"replies":[{"embeddable":true,"href":"https:\/\/dostudni.com\/index.php\/wp-json\/wp\/v2\/comments?post=3374"}],"wp:featuredmedia":[{"embeddable":true,"href":"https:\/\/dostudni.com\/index.php\/wp-json\/wp\/v2\/media\/3373"}],"wp:attachment":[{"href":"https:\/\/dostudni.com\/index.php\/wp-json\/wp\/v2\/media?parent=3374"}],"wp:term":[{"taxonomy":"dostudni_label","embeddable":true,"href":"https:\/\/dostudni.com\/index.php\/wp-json\/wp\/v2\/dostudni_label?post=3374"},{"taxonomy":"product_brand","embeddable":true,"href":"https:\/\/dostudni.com\/index.php\/wp-json\/wp\/v2\/product_brand?post=3374"},{"taxonomy":"product_cat","embeddable":true,"href":"https:\/\/dostudni.com\/index.php\/wp-json\/wp\/v2\/product_cat?post=3374"},{"taxonomy":"product_tag","embeddable":true,"href":"https:\/\/dostudni.com\/index.php\/wp-json\/wp\/v2\/product_tag?post=3374"}],"curies":[{"name":"wp","href":"https:\/\/api.w.org\/{rel}","templated":true}]}}