{"id":3378,"date":"2026-04-17T11:10:24","date_gmt":"2026-04-17T11:10:24","guid":{"rendered":"https:\/\/dostudni.com\/index.php\/produkt\/zlaczka-zaciskowa-z-gwintem-wewnetrznym-pi-63x2\/"},"modified":"2026-04-30T12:26:39","modified_gmt":"2026-04-30T12:26:39","slug":"zlaczka-zaciskowa-z-gwintem-wewnetrznym-pi-63x2","status":"publish","type":"product","link":"https:\/\/dostudni.com\/index.php\/produkt\/zlaczka-zaciskowa-z-gwintem-wewnetrznym-pi-63x2\/","title":{"rendered":"Z\u0142\u0105czka zaciskowa z gwintem wewn\u0119trznym \u201dPI\u201d 63&#215;2&#8221;"},"content":{"rendered":"<p>Z\u0141\u0104CZKA ZACISKOWA Z GWINTEM WEWN\u0118TRZNYM \u201ePI\u201d 63 x 2&#8243;<\/p>\n<p>Przedmiotem sprzeda\u017cy jest z\u0142\u0105czka zaciskowa typu \u201ePI\u201d z gwintem wewn\u0119trznym o wymiarze 63 x 2&#8243;, przeznaczona do \u0142\u0105czenia rur w instalacjach wodoci\u0105gowych i kanalizacyjnych.<\/p>\n<p>Opis:<br \/>\nZ\u0142\u0105czka zaciskowa z gwintem wewn\u0119trznym 63 x 2&#8243; umo\u017cliwia trwa\u0142e i szczelne po\u0142\u0105czenie rur PE z elementami instalacji gwintowanej. Konstrukcja zaciskowa zapewnia szybki i \u0142atwy monta\u017c, a gwint wewn\u0119trzny pozwala na wygodne pod\u0142\u0105czenie armatury, zawor\u00f3w oraz innych element\u00f3w instalacyjnych. Produkt charakteryzuje si\u0119 wysok\u0105 odporno\u015bci\u0105 na ci\u015bnienie oraz warunki eksploatacyjne.<\/p>\n<p>Specyfikacja:<\/p>\n<p>* typ: z\u0142\u0105czka zaciskowa<br \/>\n* oznaczenie: \u201ePI\u201d<br \/>\n* rozmiar: 63 x 2&#8243;<br \/>\n* gwint: wewn\u0119trzny<br \/>\n* materia\u0142: tworzywo sztuczne \/ metal (w zale\u017cno\u015bci od wersji)<\/p>\n<p>Zastosowanie:<\/p>\n<p>* instalacje wodoci\u0105gowe<br \/>\n* systemy kanalizacyjne<br \/>\n* po\u0142\u0105czenia rur PE z armatur\u0105 gwintowan\u0105<br \/>\n* prace monta\u017cowe i serwisowe<\/p>\n<p>Stan produktu:<br \/>\nProdukt nowy, fabrycznie nieu\u017cywany.<\/p>\n<p>Dodatkowe informacje:<\/p>\n<p>* szybki monta\u017c zaciskowy<br \/>\n* szczelne i trwa\u0142e po\u0142\u0105czenie<br \/>\n* odporno\u015b\u0107 na ci\u015bnienie i warunki pracy<\/p>\n<p>Zapraszam do zakupu.<\/p>\n","protected":false},"excerpt":{"rendered":"<p>Z\u0141\u0104CZKA ZACISKOWA Z GWINTEM WEWN\u0118TRZNYM \u201ePI\u201d 63 x 2&#8243; Przedmiotem sprzeda\u017cy jest z\u0142\u0105czka zaciskowa typu \u201ePI\u201d z gwintem wewn\u0119trznym o wymiarze 63 x 2&#8243;, przeznaczona do \u0142\u0105czenia rur w instalacjach wodoci\u0105gowych i kanalizacyjnych. Opis: Z\u0142\u0105czka zaciskowa z gwintem wewn\u0119trznym 63 x 2&#8243; umo\u017cliwia trwa\u0142e i szczelne po\u0142\u0105czenie rur PE z elementami instalacji gwintowanej. Konstrukcja zaciskowa [&hellip;]<\/p>\n","protected":false},"featured_media":3746,"comment_status":"open","ping_status":"closed","template":"","meta":[],"dostudni_label":[],"product_brand":[],"product_cat":[76],"product_tag":[],"class_list":{"0":"post-3378","1":"product","2":"type-product","3":"status-publish","4":"has-post-thumbnail","6":"product_cat-zlaczki","7":"product_shipping_class-srednie-paczki","9":"first","10":"instock","11":"taxable","12":"shipping-taxable","13":"purchasable","14":"product-type-simple"},"_links":{"self":[{"href":"https:\/\/dostudni.com\/index.php\/wp-json\/wp\/v2\/product\/3378","targetHints":{"allow":["GET"]}}],"collection":[{"href":"https:\/\/dostudni.com\/index.php\/wp-json\/wp\/v2\/product"}],"about":[{"href":"https:\/\/dostudni.com\/index.php\/wp-json\/wp\/v2\/types\/product"}],"replies":[{"embeddable":true,"href":"https:\/\/dostudni.com\/index.php\/wp-json\/wp\/v2\/comments?post=3378"}],"wp:featuredmedia":[{"embeddable":true,"href":"https:\/\/dostudni.com\/index.php\/wp-json\/wp\/v2\/media\/3746"}],"wp:attachment":[{"href":"https:\/\/dostudni.com\/index.php\/wp-json\/wp\/v2\/media?parent=3378"}],"wp:term":[{"taxonomy":"dostudni_label","embeddable":true,"href":"https:\/\/dostudni.com\/index.php\/wp-json\/wp\/v2\/dostudni_label?post=3378"},{"taxonomy":"product_brand","embeddable":true,"href":"https:\/\/dostudni.com\/index.php\/wp-json\/wp\/v2\/product_brand?post=3378"},{"taxonomy":"product_cat","embeddable":true,"href":"https:\/\/dostudni.com\/index.php\/wp-json\/wp\/v2\/product_cat?post=3378"},{"taxonomy":"product_tag","embeddable":true,"href":"https:\/\/dostudni.com\/index.php\/wp-json\/wp\/v2\/product_tag?post=3378"}],"curies":[{"name":"wp","href":"https:\/\/api.w.org\/{rel}","templated":true}]}}