{"id":3380,"date":"2026-04-17T11:10:25","date_gmt":"2026-04-17T11:10:25","guid":{"rendered":"https:\/\/dostudni.com\/index.php\/produkt\/kolano-90-st-z-gw-zewnetrznym-50x2\/"},"modified":"2026-04-20T10:35:53","modified_gmt":"2026-04-20T10:35:53","slug":"kolano-90-st-z-gw-zewnetrznym-50x2","status":"publish","type":"product","link":"https:\/\/dostudni.com\/index.php\/produkt\/kolano-90-st-z-gw-zewnetrznym-50x2\/","title":{"rendered":"Kolano 90 st. z gw. zewn\u0119trznym 50&#215;2&#8243;"},"content":{"rendered":"<p>KOLANO 90\u00b0 Z GWINTEM ZEWN\u0118TRZNYM 50 x 2&#8243;<\/p>\n<p>Przedmiotem sprzeda\u017cy jest kolano 90\u00b0 z gwintem zewn\u0119trznym o wymiarze 50 x 2&#8243;, przeznaczone do instalacji wodnych i wodoci\u0105gowych.<\/p>\n<p>Opis:<br \/>\nKolano 90\u00b0 zosta\u0142o zaprojektowane do zmiany kierunku prowadzenia instalacji rurowej pod k\u0105tem 90 stopni. Wyposa\u017cenie w gwint zewn\u0119trzny umo\u017cliwia \u0142atwe i szczelne pod\u0142\u0105czenie do element\u00f3w armatury lub z\u0142\u0105czek gwintowanych. Konstrukcja zapewnia trwa\u0142o\u015b\u0107 oraz odporno\u015b\u0107 na warunki eksploatacyjne w systemach wodnych.<\/p>\n<p>Specyfikacja:<\/p>\n<p>* typ: kolano 90\u00b0<br \/>\n* przy\u0142\u0105cze: 50 x 2&#8243;<br \/>\n* gwint: zewn\u0119trzny<br \/>\n* materia\u0142: tworzywo \/ metal (w zale\u017cno\u015bci od wersji)<\/p>\n<p>Zastosowanie:<\/p>\n<p>* instalacje wodoci\u0105gowe<br \/>\n* systemy rurowe PE<br \/>\n* zmiana kierunku przep\u0142ywu<br \/>\n* prace monta\u017cowe i serwisowe<\/p>\n<p>Stan produktu:<br \/>\nProdukt nowy, fabrycznie nieu\u017cywany.<\/p>\n<p>Dodatkowe informacje:<\/p>\n<p>* szybki monta\u017c<br \/>\n* szczelne po\u0142\u0105czenie gwintowane<br \/>\n* odporno\u015b\u0107 na warunki pracy<\/p>\n<p>Zapraszam do zakupu.<\/p>\n","protected":false},"excerpt":{"rendered":"<p>KOLANO 90\u00b0 Z GWINTEM ZEWN\u0118TRZNYM 50 x 2&#8243; Przedmiotem sprzeda\u017cy jest kolano 90\u00b0 z gwintem zewn\u0119trznym o wymiarze 50 x 2&#8243;, przeznaczone do instalacji wodnych i wodoci\u0105gowych. Opis: Kolano 90\u00b0 zosta\u0142o zaprojektowane do zmiany kierunku prowadzenia instalacji rurowej pod k\u0105tem 90 stopni. Wyposa\u017cenie w gwint zewn\u0119trzny umo\u017cliwia \u0142atwe i szczelne pod\u0142\u0105czenie do element\u00f3w armatury lub [&hellip;]<\/p>\n","protected":false},"featured_media":3379,"comment_status":"open","ping_status":"closed","template":"","meta":[],"dostudni_label":[],"product_brand":[],"product_cat":[76],"product_tag":[],"class_list":{"0":"post-3380","1":"product","2":"type-product","3":"status-publish","4":"has-post-thumbnail","6":"product_cat-zlaczki","7":"product_shipping_class-srednie-paczki","9":"first","10":"instock","11":"taxable","12":"shipping-taxable","13":"purchasable","14":"product-type-simple"},"_links":{"self":[{"href":"https:\/\/dostudni.com\/index.php\/wp-json\/wp\/v2\/product\/3380","targetHints":{"allow":["GET"]}}],"collection":[{"href":"https:\/\/dostudni.com\/index.php\/wp-json\/wp\/v2\/product"}],"about":[{"href":"https:\/\/dostudni.com\/index.php\/wp-json\/wp\/v2\/types\/product"}],"replies":[{"embeddable":true,"href":"https:\/\/dostudni.com\/index.php\/wp-json\/wp\/v2\/comments?post=3380"}],"wp:featuredmedia":[{"embeddable":true,"href":"https:\/\/dostudni.com\/index.php\/wp-json\/wp\/v2\/media\/3379"}],"wp:attachment":[{"href":"https:\/\/dostudni.com\/index.php\/wp-json\/wp\/v2\/media?parent=3380"}],"wp:term":[{"taxonomy":"dostudni_label","embeddable":true,"href":"https:\/\/dostudni.com\/index.php\/wp-json\/wp\/v2\/dostudni_label?post=3380"},{"taxonomy":"product_brand","embeddable":true,"href":"https:\/\/dostudni.com\/index.php\/wp-json\/wp\/v2\/product_brand?post=3380"},{"taxonomy":"product_cat","embeddable":true,"href":"https:\/\/dostudni.com\/index.php\/wp-json\/wp\/v2\/product_cat?post=3380"},{"taxonomy":"product_tag","embeddable":true,"href":"https:\/\/dostudni.com\/index.php\/wp-json\/wp\/v2\/product_tag?post=3380"}],"curies":[{"name":"wp","href":"https:\/\/api.w.org\/{rel}","templated":true}]}}