{"id":3390,"date":"2026-04-17T11:12:12","date_gmt":"2026-04-17T11:12:12","guid":{"rendered":"https:\/\/dostudni.com\/index.php\/produkt\/zbiornik-hydroforowy-pion-12l-3-4-aquasystem\/"},"modified":"2026-04-30T14:02:20","modified_gmt":"2026-04-30T14:02:20","slug":"zbiornik-hydroforowy-pion-12l-3-4-aquasystem","status":"publish","type":"product","link":"https:\/\/dostudni.com\/index.php\/produkt\/zbiornik-hydroforowy-pion-12l-3-4-aquasystem\/","title":{"rendered":"Zbiornik hydroforowy pion. 12L 3\/4&#8221; AQUASYSTEM OMNIGENA"},"content":{"rendered":"<p>ZBIORNIK HYDROFOROWY PIONOWY 12L 3\/4&#8243; AQUASYSTEM<\/p>\n<p>Przedmiotem sprzeda\u017cy jest zbiornik hydroforowy pionowy marki AQUASYSTEM o pojemno\u015bci 12 litr\u00f3w, z przy\u0142\u0105czem 3\/4&#8243;, przeznaczony do instalacji wodnych.<\/p>\n<p>Opis:<br \/>\nZbiornik hydroforowy zosta\u0142 zaprojektowany do stabilizacji ci\u015bnienia w instalacjach wodnych oraz wsp\u00f3\u0142pracy z pompami. Pionowa konstrukcja pozwala na oszcz\u0119dno\u015b\u0107 miejsca przy monta\u017cu. Urz\u0105dzenie wspomaga prac\u0119 uk\u0142adu wodnego, ograniczaj\u0105c cz\u0119stotliwo\u015b\u0107 za\u0142\u0105czania pompy, co wp\u0142ywa na jej \u017cywotno\u015b\u0107 i stabilno\u015b\u0107 pracy.<\/p>\n<p>Specyfikacja:<\/p>\n<p>* marka: AQUASYSTEM<br \/>\n* typ: zbiornik hydroforowy pionowy<br \/>\n* pojemno\u015b\u0107: 12 L<br \/>\n* przy\u0142\u0105cze: 3\/4&#8243;<br \/>\n* materia\u0142: stal<\/p>\n<p>Zastosowanie:<\/p>\n<p>* instalacje wodne w domach i gospodarstwach<br \/>\n* systemy hydroforowe<br \/>\n* wsp\u00f3\u0142praca z pompami wodnymi<br \/>\n* stabilizacja ci\u015bnienia w instalacji<\/p>\n<p>Stan produktu:<br \/>\nProdukt nowy, fabrycznie nieu\u017cywany.<\/p>\n<p>Dodatkowe informacje:<\/p>\n<p>* kompaktowa konstrukcja pionowa<br \/>\n* poprawa stabilno\u015bci ci\u015bnienia<br \/>\n* wyd\u0142u\u017cenie \u017cywotno\u015bci pompy<\/p>\n<p>Zapraszam do zakupu.<\/p>\n","protected":false},"excerpt":{"rendered":"<p>ZBIORNIK HYDROFOROWY PIONOWY 12L 3\/4&#8243; AQUASYSTEM Przedmiotem sprzeda\u017cy jest zbiornik hydroforowy pionowy marki AQUASYSTEM o pojemno\u015bci 12 litr\u00f3w, z przy\u0142\u0105czem 3\/4&#8243;, przeznaczony do instalacji wodnych. Opis: Zbiornik hydroforowy zosta\u0142 zaprojektowany do stabilizacji ci\u015bnienia w instalacjach wodnych oraz wsp\u00f3\u0142pracy z pompami. Pionowa konstrukcja pozwala na oszcz\u0119dno\u015b\u0107 miejsca przy monta\u017cu. Urz\u0105dzenie wspomaga prac\u0119 uk\u0142adu wodnego, ograniczaj\u0105c cz\u0119stotliwo\u015b\u0107 [&hellip;]<\/p>\n","protected":false},"featured_media":3389,"comment_status":"open","ping_status":"closed","template":"","meta":[],"dostudni_label":[],"product_brand":[23],"product_cat":[31],"product_tag":[],"class_list":{"0":"post-3390","1":"product","2":"type-product","3":"status-publish","4":"has-post-thumbnail","6":"product_brand-omnigena","7":"product_cat-zbiorniki-hydroforowe","8":"product_shipping_class-kurier-do-30kg","10":"first","11":"instock","12":"taxable","13":"shipping-taxable","14":"purchasable","15":"product-type-simple"},"_links":{"self":[{"href":"https:\/\/dostudni.com\/index.php\/wp-json\/wp\/v2\/product\/3390","targetHints":{"allow":["GET"]}}],"collection":[{"href":"https:\/\/dostudni.com\/index.php\/wp-json\/wp\/v2\/product"}],"about":[{"href":"https:\/\/dostudni.com\/index.php\/wp-json\/wp\/v2\/types\/product"}],"replies":[{"embeddable":true,"href":"https:\/\/dostudni.com\/index.php\/wp-json\/wp\/v2\/comments?post=3390"}],"wp:featuredmedia":[{"embeddable":true,"href":"https:\/\/dostudni.com\/index.php\/wp-json\/wp\/v2\/media\/3389"}],"wp:attachment":[{"href":"https:\/\/dostudni.com\/index.php\/wp-json\/wp\/v2\/media?parent=3390"}],"wp:term":[{"taxonomy":"dostudni_label","embeddable":true,"href":"https:\/\/dostudni.com\/index.php\/wp-json\/wp\/v2\/dostudni_label?post=3390"},{"taxonomy":"product_brand","embeddable":true,"href":"https:\/\/dostudni.com\/index.php\/wp-json\/wp\/v2\/product_brand?post=3390"},{"taxonomy":"product_cat","embeddable":true,"href":"https:\/\/dostudni.com\/index.php\/wp-json\/wp\/v2\/product_cat?post=3390"},{"taxonomy":"product_tag","embeddable":true,"href":"https:\/\/dostudni.com\/index.php\/wp-json\/wp\/v2\/product_tag?post=3390"}],"curies":[{"name":"wp","href":"https:\/\/api.w.org\/{rel}","templated":true}]}}