{"id":3392,"date":"2026-04-17T11:12:13","date_gmt":"2026-04-17T11:12:13","guid":{"rendered":"https:\/\/dostudni.com\/index.php\/produkt\/zbiornik-hydroforowy-50l-pion-aquasystem\/"},"modified":"2026-04-30T14:02:22","modified_gmt":"2026-04-30T14:02:22","slug":"zbiornik-hydroforowy-50l-pion-aquasystem","status":"publish","type":"product","link":"https:\/\/dostudni.com\/index.php\/produkt\/zbiornik-hydroforowy-50l-pion-aquasystem\/","title":{"rendered":"Zbiornik hydroforowy 50L pion AQUASYSTEM OMNIGENA"},"content":{"rendered":"<p>ZBIORNIK HYDROFOROWY 50L PIONOWY AQUASYSTEM<\/p>\n<p>Przedmiotem sprzeda\u017cy jest zbiornik hydroforowy pionowy marki AQUASYSTEM o pojemno\u015bci 50 litr\u00f3w, przeznaczony do instalacji wodnych i system\u00f3w hydroforowych.<\/p>\n<p>Opis:<br \/>\nZbiornik hydroforowy zosta\u0142 zaprojektowany do stabilizacji ci\u015bnienia w instalacjach wodnych oraz wsp\u00f3\u0142pracy z pompami. Pionowa konstrukcja pozwala na oszcz\u0119dno\u015b\u0107 miejsca monta\u017cowego, a odpowiednia pojemno\u015b\u0107 50 L zapewnia stabiln\u0105 prac\u0119 ca\u0142ego uk\u0142adu wodnego. Urz\u0105dzenie ogranicza cz\u0119stotliwo\u015b\u0107 za\u0142\u0105czania pompy, co wp\u0142ywa na jej trwa\u0142o\u015b\u0107 i wydajno\u015b\u0107.<\/p>\n<p>Specyfikacja:<\/p>\n<p>* marka: AQUASYSTEM<br \/>\n* typ: zbiornik hydroforowy pionowy<br \/>\n* pojemno\u015b\u0107: 50 L<br \/>\n* materia\u0142: stal<\/p>\n<p>Zastosowanie:<\/p>\n<p>* instalacje wodne w domach i gospodarstwach<br \/>\n* systemy hydroforowe<br \/>\n* wsp\u00f3\u0142praca z pompami wodnymi<br \/>\n* stabilizacja ci\u015bnienia w instalacji<\/p>\n<p>Stan produktu:<br \/>\nProdukt nowy, fabrycznie nieu\u017cywany.<\/p>\n<p>Dodatkowe informacje:<\/p>\n<p>* pionowa konstrukcja oszcz\u0119dzaj\u0105ca miejsce<br \/>\n* stabilizacja pracy pompy<br \/>\n* zwi\u0119kszenie \u017cywotno\u015bci instalacji<\/p>\n<p>Zapraszam do zakupu.<\/p>\n","protected":false},"excerpt":{"rendered":"<p>ZBIORNIK HYDROFOROWY 50L PIONOWY AQUASYSTEM Przedmiotem sprzeda\u017cy jest zbiornik hydroforowy pionowy marki AQUASYSTEM o pojemno\u015bci 50 litr\u00f3w, przeznaczony do instalacji wodnych i system\u00f3w hydroforowych. Opis: Zbiornik hydroforowy zosta\u0142 zaprojektowany do stabilizacji ci\u015bnienia w instalacjach wodnych oraz wsp\u00f3\u0142pracy z pompami. Pionowa konstrukcja pozwala na oszcz\u0119dno\u015b\u0107 miejsca monta\u017cowego, a odpowiednia pojemno\u015b\u0107 50 L zapewnia stabiln\u0105 prac\u0119 ca\u0142ego [&hellip;]<\/p>\n","protected":false},"featured_media":3813,"comment_status":"open","ping_status":"closed","template":"","meta":[],"dostudni_label":[],"product_brand":[23],"product_cat":[31],"product_tag":[],"class_list":{"0":"post-3392","1":"product","2":"type-product","3":"status-publish","4":"has-post-thumbnail","6":"product_brand-omnigena","7":"product_cat-zbiorniki-hydroforowe","8":"product_shipping_class-kurier-do-30kg","10":"first","11":"instock","12":"taxable","13":"shipping-taxable","14":"purchasable","15":"product-type-simple"},"_links":{"self":[{"href":"https:\/\/dostudni.com\/index.php\/wp-json\/wp\/v2\/product\/3392","targetHints":{"allow":["GET"]}}],"collection":[{"href":"https:\/\/dostudni.com\/index.php\/wp-json\/wp\/v2\/product"}],"about":[{"href":"https:\/\/dostudni.com\/index.php\/wp-json\/wp\/v2\/types\/product"}],"replies":[{"embeddable":true,"href":"https:\/\/dostudni.com\/index.php\/wp-json\/wp\/v2\/comments?post=3392"}],"wp:featuredmedia":[{"embeddable":true,"href":"https:\/\/dostudni.com\/index.php\/wp-json\/wp\/v2\/media\/3813"}],"wp:attachment":[{"href":"https:\/\/dostudni.com\/index.php\/wp-json\/wp\/v2\/media?parent=3392"}],"wp:term":[{"taxonomy":"dostudni_label","embeddable":true,"href":"https:\/\/dostudni.com\/index.php\/wp-json\/wp\/v2\/dostudni_label?post=3392"},{"taxonomy":"product_brand","embeddable":true,"href":"https:\/\/dostudni.com\/index.php\/wp-json\/wp\/v2\/product_brand?post=3392"},{"taxonomy":"product_cat","embeddable":true,"href":"https:\/\/dostudni.com\/index.php\/wp-json\/wp\/v2\/product_cat?post=3392"},{"taxonomy":"product_tag","embeddable":true,"href":"https:\/\/dostudni.com\/index.php\/wp-json\/wp\/v2\/product_tag?post=3392"}],"curies":[{"name":"wp","href":"https:\/\/api.w.org\/{rel}","templated":true}]}}