{"id":3402,"date":"2026-04-17T11:12:19","date_gmt":"2026-04-17T11:12:19","guid":{"rendered":"https:\/\/dostudni.com\/index.php\/produkt\/zbiornik-hydroforowy-pion-8l-1-aquasystem\/"},"modified":"2026-04-30T14:02:29","modified_gmt":"2026-04-30T14:02:29","slug":"zbiornik-hydroforowy-pion-8l-1-aquasystem","status":"publish","type":"product","link":"https:\/\/dostudni.com\/index.php\/produkt\/zbiornik-hydroforowy-pion-8l-1-aquasystem\/","title":{"rendered":"Zbiornik hydroforowy pion. 8L 1&#8221; AQUASYSTEM OMNIGENA"},"content":{"rendered":"<p>ZBIORNIK HYDROFOROWY PIONOWY 8L 1&#8243; AQUASYSTEM<\/p>\n<p>Przedmiotem sprzeda\u017cy jest zbiornik hydroforowy pionowy marki AQUASYSTEM o pojemno\u015bci 8 litr\u00f3w, z przy\u0142\u0105czem 1&#8243;, przeznaczony do instalacji wodnych.<\/p>\n<p>Opis:<br \/>\nZbiornik hydroforowy zosta\u0142 zaprojektowany do stabilizacji ci\u015bnienia w instalacjach wodnych oraz wsp\u00f3\u0142pracy z pompami. Pionowa konstrukcja umo\u017cliwia oszcz\u0119dno\u015b\u0107 miejsca monta\u017cowego, a kompaktowa pojemno\u015b\u0107 8 L sprawia, \u017ce zbiornik idealnie sprawdzi si\u0119 w mniejszych instalacjach. Urz\u0105dzenie ogranicza cz\u0119stotliwo\u015b\u0107 za\u0142\u0105czania pompy, wspieraj\u0105c jej stabiln\u0105 i bezpieczn\u0105 prac\u0119.<\/p>\n<p>Specyfikacja:<\/p>\n<p>* marka: AQUASYSTEM<br \/>\n* typ: zbiornik hydroforowy pionowy<br \/>\n* pojemno\u015b\u0107: 8 L<br \/>\n* przy\u0142\u0105cze: 1&#8243;<br \/>\n* materia\u0142: stal<\/p>\n<p>Zastosowanie:<\/p>\n<p>* instalacje wodne<br \/>\n* ma\u0142e systemy hydroforowe<br \/>\n* wsp\u00f3\u0142praca z pompami wodnymi<br \/>\n* stabilizacja ci\u015bnienia w instalacji<\/p>\n<p>Stan produktu:<br \/>\nProdukt nowy, fabrycznie nieu\u017cywany.<\/p>\n<p>Dodatkowe informacje:<\/p>\n<p>* kompaktowa konstrukcja pionowa<br \/>\n* stabilizacja pracy pompy<br \/>\n* oszcz\u0119dno\u015b\u0107 miejsca monta\u017cowego<\/p>\n<p>Zapraszam do zakupu.<\/p>\n","protected":false},"excerpt":{"rendered":"<p>ZBIORNIK HYDROFOROWY PIONOWY 8L 1&#8243; AQUASYSTEM Przedmiotem sprzeda\u017cy jest zbiornik hydroforowy pionowy marki AQUASYSTEM o pojemno\u015bci 8 litr\u00f3w, z przy\u0142\u0105czem 1&#8243;, przeznaczony do instalacji wodnych. Opis: Zbiornik hydroforowy zosta\u0142 zaprojektowany do stabilizacji ci\u015bnienia w instalacjach wodnych oraz wsp\u00f3\u0142pracy z pompami. Pionowa konstrukcja umo\u017cliwia oszcz\u0119dno\u015b\u0107 miejsca monta\u017cowego, a kompaktowa pojemno\u015b\u0107 8 L sprawia, \u017ce zbiornik idealnie [&hellip;]<\/p>\n","protected":false},"featured_media":3817,"comment_status":"open","ping_status":"closed","template":"","meta":[],"dostudni_label":[],"product_brand":[23],"product_cat":[31],"product_tag":[],"class_list":{"0":"post-3402","1":"product","2":"type-product","3":"status-publish","4":"has-post-thumbnail","6":"product_brand-omnigena","7":"product_cat-zbiorniki-hydroforowe","8":"product_shipping_class-kurier-do-30kg","10":"first","11":"instock","12":"taxable","13":"shipping-taxable","14":"purchasable","15":"product-type-simple"},"_links":{"self":[{"href":"https:\/\/dostudni.com\/index.php\/wp-json\/wp\/v2\/product\/3402","targetHints":{"allow":["GET"]}}],"collection":[{"href":"https:\/\/dostudni.com\/index.php\/wp-json\/wp\/v2\/product"}],"about":[{"href":"https:\/\/dostudni.com\/index.php\/wp-json\/wp\/v2\/types\/product"}],"replies":[{"embeddable":true,"href":"https:\/\/dostudni.com\/index.php\/wp-json\/wp\/v2\/comments?post=3402"}],"wp:featuredmedia":[{"embeddable":true,"href":"https:\/\/dostudni.com\/index.php\/wp-json\/wp\/v2\/media\/3817"}],"wp:attachment":[{"href":"https:\/\/dostudni.com\/index.php\/wp-json\/wp\/v2\/media?parent=3402"}],"wp:term":[{"taxonomy":"dostudni_label","embeddable":true,"href":"https:\/\/dostudni.com\/index.php\/wp-json\/wp\/v2\/dostudni_label?post=3402"},{"taxonomy":"product_brand","embeddable":true,"href":"https:\/\/dostudni.com\/index.php\/wp-json\/wp\/v2\/product_brand?post=3402"},{"taxonomy":"product_cat","embeddable":true,"href":"https:\/\/dostudni.com\/index.php\/wp-json\/wp\/v2\/product_cat?post=3402"},{"taxonomy":"product_tag","embeddable":true,"href":"https:\/\/dostudni.com\/index.php\/wp-json\/wp\/v2\/product_tag?post=3402"}],"curies":[{"name":"wp","href":"https:\/\/api.w.org\/{rel}","templated":true}]}}