{"id":3438,"date":"2026-04-17T11:19:42","date_gmt":"2026-04-17T11:19:42","guid":{"rendered":"https:\/\/dostudni.com\/index.php\/produkt\/schmith-szczotka-doczolowa-z-nakretka-m14-drut-skr-60-sszd-11\/"},"modified":"2026-04-30T09:35:28","modified_gmt":"2026-04-30T09:35:28","slug":"schmith-szczotka-doczolowa-z-nakretka-m14-drut-skr-60-sszd-11","status":"publish","type":"product","link":"https:\/\/dostudni.com\/index.php\/produkt\/schmith-szczotka-doczolowa-z-nakretka-m14-drut-skr-60-sszd-11\/","title":{"rendered":"Schmith Szczotka doczo\u0142owa z nakr\u0119tk\u0105 M14  drut SKR 60 SSZD-11"},"content":{"rendered":"<p>SZCZOTKA DOCZO\u0141OWA Z NAKR\u0118TK\u0104 M14 DRUT SKR 60<\/p>\n<p>Wysokowydajne narz\u0119dzie do obr\u00f3bki powierzchni twardych. Wytrzyma\u0142e druty hartowane zapewniaj\u0105 efektywn\u0105 prac\u0119 przez d\u0142ugi czas. Mocowanie dedykowane dla powszechnie u\u017cywanych szlifierek k\u0105towych.<\/p>\n<p>wykonana z wysokiej jako\u015bci hartowanego drutu<br \/>\nprzeznaczona do usuwania rdzy, zendry, czyszczenia powierzchni, usuwania farb, oczyszczania spaw\u00f3w<\/p>\n","protected":false},"excerpt":{"rendered":"<p>SZCZOTKA DOCZO\u0141OWA Z NAKR\u0118TK\u0104 M14 DRUT SKR 60 Wysokowydajne narz\u0119dzie do obr\u00f3bki powierzchni twardych. Wytrzyma\u0142e druty hartowane zapewniaj\u0105 efektywn\u0105 prac\u0119 przez d\u0142ugi czas. Mocowanie dedykowane dla powszechnie u\u017cywanych szlifierek k\u0105towych. wykonana z wysokiej jako\u015bci hartowanego drutu przeznaczona do usuwania rdzy, zendry, czyszczenia powierzchni, usuwania farb, oczyszczania spaw\u00f3w<\/p>\n","protected":false},"featured_media":3436,"comment_status":"open","ping_status":"closed","template":"","meta":[],"dostudni_label":[],"product_brand":[302],"product_cat":[296],"product_tag":[],"class_list":{"0":"post-3438","1":"product","2":"type-product","3":"status-publish","4":"has-post-thumbnail","6":"product_brand-schmith","7":"product_cat-narzedzia","8":"product_shipping_class-male","10":"first","11":"instock","12":"taxable","13":"shipping-taxable","14":"purchasable","15":"product-type-simple"},"_links":{"self":[{"href":"https:\/\/dostudni.com\/index.php\/wp-json\/wp\/v2\/product\/3438","targetHints":{"allow":["GET"]}}],"collection":[{"href":"https:\/\/dostudni.com\/index.php\/wp-json\/wp\/v2\/product"}],"about":[{"href":"https:\/\/dostudni.com\/index.php\/wp-json\/wp\/v2\/types\/product"}],"replies":[{"embeddable":true,"href":"https:\/\/dostudni.com\/index.php\/wp-json\/wp\/v2\/comments?post=3438"}],"wp:featuredmedia":[{"embeddable":true,"href":"https:\/\/dostudni.com\/index.php\/wp-json\/wp\/v2\/media\/3436"}],"wp:attachment":[{"href":"https:\/\/dostudni.com\/index.php\/wp-json\/wp\/v2\/media?parent=3438"}],"wp:term":[{"taxonomy":"dostudni_label","embeddable":true,"href":"https:\/\/dostudni.com\/index.php\/wp-json\/wp\/v2\/dostudni_label?post=3438"},{"taxonomy":"product_brand","embeddable":true,"href":"https:\/\/dostudni.com\/index.php\/wp-json\/wp\/v2\/product_brand?post=3438"},{"taxonomy":"product_cat","embeddable":true,"href":"https:\/\/dostudni.com\/index.php\/wp-json\/wp\/v2\/product_cat?post=3438"},{"taxonomy":"product_tag","embeddable":true,"href":"https:\/\/dostudni.com\/index.php\/wp-json\/wp\/v2\/product_tag?post=3438"}],"curies":[{"name":"wp","href":"https:\/\/api.w.org\/{rel}","templated":true}]}}