{"id":3449,"date":"2026-04-17T11:21:07","date_gmt":"2026-04-17T11:21:07","guid":{"rendered":"https:\/\/dostudni.com\/index.php\/produkt\/schmith-elektroda-rurotylowa-e6013-5kg-35-250mm-sele-5-32-350\/"},"modified":"2026-04-20T09:51:29","modified_gmt":"2026-04-20T09:51:29","slug":"schmith-elektroda-rurotylowa-e6013-5kg-35-250mm-sele-5-32-350","status":"publish","type":"product","link":"https:\/\/dostudni.com\/index.php\/produkt\/schmith-elektroda-rurotylowa-e6013-5kg-35-250mm-sele-5-32-350\/","title":{"rendered":"Schmith Elektroda rurotylowa E6013 5KG 3,5\/250mm SELE-5-3,2\/350"},"content":{"rendered":"<p>SCHMITH ELEKTRODA RUTYLOWA E6013 5KG 3,2\/350MM SELE-5-3,2\/350<\/p>\n<p>Przedmiotem sprzeda\u017cy jest elektroda rutylowa marki Schmith typu E6013 o \u015brednicy 3,2 mm i d\u0142ugo\u015bci 350 mm, pakowana w opakowanie 5 kg.<\/p>\n<p>Opis:<br \/>\nElektroda rutylowa E6013 przeznaczona jest do uniwersalnych prac spawalniczych. Charakteryzuje si\u0119 \u0142atwym zajarzaniem \u0142uku, stabiln\u0105 prac\u0105 oraz estetyczn\u0105 spoin\u0105. Dzi\u0119ki swoim w\u0142a\u015bciwo\u015bciom sprawdzi si\u0119 zar\u00f3wno w pracach warsztatowych, jak i przy naprawach oraz lekkich konstrukcjach stalowych.<\/p>\n<p>Specyfikacja:<\/p>\n<p>* marka: Schmith<br \/>\n* model: SELE-5-3,2\/350<br \/>\n* typ: elektroda rutylowa<br \/>\n* oznaczenie: E6013<br \/>\n* \u015brednica: 3,2 mm<br \/>\n* d\u0142ugo\u015b\u0107: 350 mm<br \/>\n* waga opakowania: 5 kg<\/p>\n<p>Zastosowanie:<\/p>\n<p>* spawanie stali niskow\u0119glowej<br \/>\n* prace warsztatowe i naprawcze<br \/>\n* lekkie konstrukcje stalowe<br \/>\n* zastosowania profesjonalne i domowe<\/p>\n<p>Stan produktu:<br \/>\nProdukt nowy, fabrycznie nieu\u017cywany.<\/p>\n<p>Dodatkowe informacje:<\/p>\n<p>* \u0142atwe zajarzanie \u0142uku<br \/>\n* stabilna praca podczas spawania<br \/>\n* estetyczna spoina<\/p>\n<p>Zapraszam do zakupu.<\/p>\n","protected":false},"excerpt":{"rendered":"<p>SCHMITH ELEKTRODA RUTYLOWA E6013 5KG 3,2\/350MM SELE-5-3,2\/350 Przedmiotem sprzeda\u017cy jest elektroda rutylowa marki Schmith typu E6013 o \u015brednicy 3,2 mm i d\u0142ugo\u015bci 350 mm, pakowana w opakowanie 5 kg. Opis: Elektroda rutylowa E6013 przeznaczona jest do uniwersalnych prac spawalniczych. Charakteryzuje si\u0119 \u0142atwym zajarzaniem \u0142uku, stabiln\u0105 prac\u0105 oraz estetyczn\u0105 spoin\u0105. Dzi\u0119ki swoim w\u0142a\u015bciwo\u015bciom sprawdzi si\u0119 zar\u00f3wno [&hellip;]<\/p>\n","protected":false},"featured_media":3447,"comment_status":"open","ping_status":"closed","template":"","meta":[],"dostudni_label":[],"product_brand":[302],"product_cat":[24],"product_tag":[],"class_list":{"0":"post-3449","1":"product","2":"type-product","3":"status-publish","4":"has-post-thumbnail","6":"product_brand-schmith","7":"product_cat-akcesoria","8":"product_shipping_class-male","10":"first","11":"instock","12":"taxable","13":"shipping-taxable","14":"purchasable","15":"product-type-simple"},"_links":{"self":[{"href":"https:\/\/dostudni.com\/index.php\/wp-json\/wp\/v2\/product\/3449","targetHints":{"allow":["GET"]}}],"collection":[{"href":"https:\/\/dostudni.com\/index.php\/wp-json\/wp\/v2\/product"}],"about":[{"href":"https:\/\/dostudni.com\/index.php\/wp-json\/wp\/v2\/types\/product"}],"replies":[{"embeddable":true,"href":"https:\/\/dostudni.com\/index.php\/wp-json\/wp\/v2\/comments?post=3449"}],"wp:featuredmedia":[{"embeddable":true,"href":"https:\/\/dostudni.com\/index.php\/wp-json\/wp\/v2\/media\/3447"}],"wp:attachment":[{"href":"https:\/\/dostudni.com\/index.php\/wp-json\/wp\/v2\/media?parent=3449"}],"wp:term":[{"taxonomy":"dostudni_label","embeddable":true,"href":"https:\/\/dostudni.com\/index.php\/wp-json\/wp\/v2\/dostudni_label?post=3449"},{"taxonomy":"product_brand","embeddable":true,"href":"https:\/\/dostudni.com\/index.php\/wp-json\/wp\/v2\/product_brand?post=3449"},{"taxonomy":"product_cat","embeddable":true,"href":"https:\/\/dostudni.com\/index.php\/wp-json\/wp\/v2\/product_cat?post=3449"},{"taxonomy":"product_tag","embeddable":true,"href":"https:\/\/dostudni.com\/index.php\/wp-json\/wp\/v2\/product_tag?post=3449"}],"curies":[{"name":"wp","href":"https:\/\/api.w.org\/{rel}","templated":true}]}}