{"id":3456,"date":"2026-04-17T11:23:09","date_gmt":"2026-04-17T11:23:09","guid":{"rendered":"https:\/\/dostudni.com\/index.php\/produkt\/4f14-3055kw-omnigena-pompa-glebinowa-400v\/"},"modified":"2026-04-30T13:23:31","modified_gmt":"2026-04-30T13:23:31","slug":"4f14-3055kw-omnigena-pompa-glebinowa-400v","status":"publish","type":"product","link":"https:\/\/dostudni.com\/index.php\/produkt\/4f14-3055kw-omnigena-pompa-glebinowa-400v\/","title":{"rendered":"4F14-30(5,5kW) OMNIGENA pompa g\u0142\u0119binowa 400V"},"content":{"rendered":"<p>OMNIGENA 4F14-30 5,5kW 400V POMPA G\u0141\u0118BINOWA<\/p>\n<p>Przedmiotem sprzeda\u017cy jest pompa g\u0142\u0119binowa Omnigena model 4F14-30 o mocy 5,5 kW, zasilana napi\u0119ciem 400V, przeznaczona do pracy w instalacjach wodnych i studniach g\u0142\u0119binowych.<\/p>\n<p>Opis:<br \/>\nPompa g\u0142\u0119binowa zosta\u0142a zaprojektowana do efektywnego t\u0142oczenia wody z uj\u0119\u0107 g\u0142\u0119binowych oraz zbiornik\u00f3w. Dzi\u0119ki wysokiej mocy 5,5 kW urz\u0105dzenie zapewnia du\u017c\u0105 wydajno\u015b\u0107 oraz stabiln\u0105 prac\u0119 w wymagaj\u0105cych warunkach eksploatacyjnych. Konstrukcja pompy umo\u017cliwia prac\u0119 w instalacjach domowych, rolniczych oraz przemys\u0142owych.<\/p>\n<p>Specyfikacja:<\/p>\n<p>* marka: Omnigena<br \/>\n* model: 4F14-30<br \/>\n* moc: 5,5 kW<br \/>\n* zasilanie: 400V<br \/>\n* typ: pompa g\u0142\u0119binowa<br \/>\n* zastosowanie: woda czysta<\/p>\n<p>Zastosowanie:<\/p>\n<p>* studnie g\u0142\u0119binowe<br \/>\n* systemy wodoci\u0105gowe<br \/>\n* nawadnianie<br \/>\n* instalacje przemys\u0142owe i rolnicze<\/p>\n<p>Stan produktu:<br \/>\nProdukt nowy, fabrycznie nieu\u017cywany.<\/p>\n<p>Dodatkowe informacje:<\/p>\n<p>* wysoka wydajno\u015b\u0107 i trwa\u0142o\u015b\u0107<br \/>\n* stabilna praca przy du\u017cym obci\u0105\u017ceniu<br \/>\n* przeznaczona do pracy ci\u0105g\u0142ej<\/p>\n<p>Zapraszam do zakupu.<\/p>\n","protected":false},"excerpt":{"rendered":"<p>OMNIGENA 4F14-30 5,5kW 400V POMPA G\u0141\u0118BINOWA Przedmiotem sprzeda\u017cy jest pompa g\u0142\u0119binowa Omnigena model 4F14-30 o mocy 5,5 kW, zasilana napi\u0119ciem 400V, przeznaczona do pracy w instalacjach wodnych i studniach g\u0142\u0119binowych. Opis: Pompa g\u0142\u0119binowa zosta\u0142a zaprojektowana do efektywnego t\u0142oczenia wody z uj\u0119\u0107 g\u0142\u0119binowych oraz zbiornik\u00f3w. Dzi\u0119ki wysokiej mocy 5,5 kW urz\u0105dzenie zapewnia du\u017c\u0105 wydajno\u015b\u0107 oraz stabiln\u0105 [&hellip;]<\/p>\n","protected":false},"featured_media":3777,"comment_status":"open","ping_status":"closed","template":"","meta":[],"dostudni_label":[],"product_brand":[23],"product_cat":[19],"product_tag":[],"class_list":{"0":"post-3456","1":"product","2":"type-product","3":"status-publish","4":"has-post-thumbnail","6":"product_brand-omnigena","7":"product_cat-pompy-glebinowe","8":"product_shipping_class-pompy-duze","10":"first","11":"instock","12":"taxable","13":"shipping-taxable","14":"purchasable","15":"product-type-simple"},"_links":{"self":[{"href":"https:\/\/dostudni.com\/index.php\/wp-json\/wp\/v2\/product\/3456","targetHints":{"allow":["GET"]}}],"collection":[{"href":"https:\/\/dostudni.com\/index.php\/wp-json\/wp\/v2\/product"}],"about":[{"href":"https:\/\/dostudni.com\/index.php\/wp-json\/wp\/v2\/types\/product"}],"replies":[{"embeddable":true,"href":"https:\/\/dostudni.com\/index.php\/wp-json\/wp\/v2\/comments?post=3456"}],"wp:featuredmedia":[{"embeddable":true,"href":"https:\/\/dostudni.com\/index.php\/wp-json\/wp\/v2\/media\/3777"}],"wp:attachment":[{"href":"https:\/\/dostudni.com\/index.php\/wp-json\/wp\/v2\/media?parent=3456"}],"wp:term":[{"taxonomy":"dostudni_label","embeddable":true,"href":"https:\/\/dostudni.com\/index.php\/wp-json\/wp\/v2\/dostudni_label?post=3456"},{"taxonomy":"product_brand","embeddable":true,"href":"https:\/\/dostudni.com\/index.php\/wp-json\/wp\/v2\/product_brand?post=3456"},{"taxonomy":"product_cat","embeddable":true,"href":"https:\/\/dostudni.com\/index.php\/wp-json\/wp\/v2\/product_cat?post=3456"},{"taxonomy":"product_tag","embeddable":true,"href":"https:\/\/dostudni.com\/index.php\/wp-json\/wp\/v2\/product_tag?post=3456"}],"curies":[{"name":"wp","href":"https:\/\/api.w.org\/{rel}","templated":true}]}}