{"id":3458,"date":"2026-04-17T11:23:10","date_gmt":"2026-04-17T11:23:10","guid":{"rendered":"https:\/\/dostudni.com\/index.php\/produkt\/pompa-glebinowa-35-sc-5-22-18kw-230v-omnigena\/"},"modified":"2026-04-30T13:23:35","modified_gmt":"2026-04-30T13:23:35","slug":"pompa-glebinowa-35-sc-5-22-18kw-230v-omnigena","status":"publish","type":"product","link":"https:\/\/dostudni.com\/index.php\/produkt\/pompa-glebinowa-35-sc-5-22-18kw-230v-omnigena\/","title":{"rendered":"Pompa g\u0142\u0119binowa 3,5&#8243; SC 5\/22 1,8kW 230V Omnigena"},"content":{"rendered":"<p>POMPA G\u0141\u0118BINOWA 3,5&#8243; SC 5\/22 1,8kW 230V OMNIGENA<\/p>\n<p>Przedmiotem sprzeda\u017cy jest pompa g\u0142\u0119binowa marki OMNIGENA, model SC 5\/22, o \u015brednicy 3,5&#8243;, mocy 1,8 kW, zasilana 230 V, przeznaczona do t\u0142oczenia czystej wody.<\/p>\n<p>Opis:<br \/>\nPompa g\u0142\u0119binowa zosta\u0142a zaprojektowana do wydajnego poboru i t\u0142oczenia wody z uj\u0119\u0107 g\u0142\u0119binowych, studni oraz zbiornik\u00f3w. Wysoka moc 1,8 kW zapewnia stabiln\u0105 i efektywn\u0105 prac\u0119. Konstrukcja pompy umo\u017cliwia zastosowanie w instalacjach domowych, rolniczych oraz ogrodowych. Urz\u0105dzenie cechuje si\u0119 solidnym wykonaniem i przystosowaniem do pracy w trudniejszych warunkach eksploatacyjnych.<\/p>\n<p>Specyfikacja:<\/p>\n<p>* marka: OMNIGENA<br \/>\n* model: SC 5\/22<br \/>\n* typ: pompa g\u0142\u0119binowa<br \/>\n* \u015brednica: 3,5&#8243;<br \/>\n* moc: 1,8 kW<br \/>\n* zasilanie: 230 V<br \/>\n* przeznaczenie: czysta woda<\/p>\n<p>Zastosowanie:<\/p>\n<p>* studnie g\u0142\u0119binowe<br \/>\n* instalacje wodne w domach i gospodarstwach<br \/>\n* systemy nawadniania<br \/>\n* zastosowania rolnicze i ogrodowe<\/p>\n<p>Stan produktu:<br \/>\nProdukt nowy, fabrycznie nieu\u017cywany.<\/p>\n<p>Dodatkowe informacje:<\/p>\n<p>* wysoka wydajno\u015b\u0107 pracy<br \/>\n* solidna konstrukcja do pracy ci\u0105g\u0142ej<br \/>\n* szerokie zastosowanie<\/p>\n<p>Zapraszam do zakupu.<\/p>\n","protected":false},"excerpt":{"rendered":"<p>POMPA G\u0141\u0118BINOWA 3,5&#8243; SC 5\/22 1,8kW 230V OMNIGENA Przedmiotem sprzeda\u017cy jest pompa g\u0142\u0119binowa marki OMNIGENA, model SC 5\/22, o \u015brednicy 3,5&#8243;, mocy 1,8 kW, zasilana 230 V, przeznaczona do t\u0142oczenia czystej wody. Opis: Pompa g\u0142\u0119binowa zosta\u0142a zaprojektowana do wydajnego poboru i t\u0142oczenia wody z uj\u0119\u0107 g\u0142\u0119binowych, studni oraz zbiornik\u00f3w. Wysoka moc 1,8 kW zapewnia stabiln\u0105 [&hellip;]<\/p>\n","protected":false},"featured_media":3779,"comment_status":"open","ping_status":"closed","template":"","meta":[],"dostudni_label":[],"product_brand":[23],"product_cat":[19],"product_tag":[],"class_list":{"0":"post-3458","1":"product","2":"type-product","3":"status-publish","4":"has-post-thumbnail","6":"product_brand-omnigena","7":"product_cat-pompy-glebinowe","8":"product_shipping_class-pompy-male","10":"first","11":"instock","12":"taxable","13":"shipping-taxable","14":"purchasable","15":"product-type-simple"},"_links":{"self":[{"href":"https:\/\/dostudni.com\/index.php\/wp-json\/wp\/v2\/product\/3458","targetHints":{"allow":["GET"]}}],"collection":[{"href":"https:\/\/dostudni.com\/index.php\/wp-json\/wp\/v2\/product"}],"about":[{"href":"https:\/\/dostudni.com\/index.php\/wp-json\/wp\/v2\/types\/product"}],"replies":[{"embeddable":true,"href":"https:\/\/dostudni.com\/index.php\/wp-json\/wp\/v2\/comments?post=3458"}],"wp:featuredmedia":[{"embeddable":true,"href":"https:\/\/dostudni.com\/index.php\/wp-json\/wp\/v2\/media\/3779"}],"wp:attachment":[{"href":"https:\/\/dostudni.com\/index.php\/wp-json\/wp\/v2\/media?parent=3458"}],"wp:term":[{"taxonomy":"dostudni_label","embeddable":true,"href":"https:\/\/dostudni.com\/index.php\/wp-json\/wp\/v2\/dostudni_label?post=3458"},{"taxonomy":"product_brand","embeddable":true,"href":"https:\/\/dostudni.com\/index.php\/wp-json\/wp\/v2\/product_brand?post=3458"},{"taxonomy":"product_cat","embeddable":true,"href":"https:\/\/dostudni.com\/index.php\/wp-json\/wp\/v2\/product_cat?post=3458"},{"taxonomy":"product_tag","embeddable":true,"href":"https:\/\/dostudni.com\/index.php\/wp-json\/wp\/v2\/product_tag?post=3458"}],"curies":[{"name":"wp","href":"https:\/\/api.w.org\/{rel}","templated":true}]}}