{"id":3462,"date":"2026-04-17T11:23:13","date_gmt":"2026-04-17T11:23:13","guid":{"rendered":"https:\/\/dostudni.com\/index.php\/produkt\/4sd-8-2855kw-omnigena-pompa-glebinowa-400v-20m\/"},"modified":"2026-04-30T13:23:39","modified_gmt":"2026-04-30T13:23:39","slug":"4sd-8-2855kw-omnigena-pompa-glebinowa-400v-20m","status":"publish","type":"product","link":"https:\/\/dostudni.com\/index.php\/produkt\/4sd-8-2855kw-omnigena-pompa-glebinowa-400v-20m\/","title":{"rendered":"4SD 8-28(5,5kW) OMNIGENA pompa g\u0142\u0119binowa 400V 20m"},"content":{"rendered":"<p>POMPA G\u0141\u0118BINOWA OMNIGENA 4SD 8-28 5,5 kW 400 V 20 m<\/p>\n<p>Przedmiotem sprzeda\u017cy jest pompa g\u0142\u0119binowa marki OMNIGENA, model 4SD 8-28, o mocy 5,5 kW, zasilana 400 V, przeznaczona do t\u0142oczenia czystej wody.<\/p>\n<p>Opis:<br \/>\nPompa g\u0142\u0119binowa zosta\u0142a zaprojektowana do wydajnego poboru i t\u0142oczenia wody z uj\u0119\u0107 g\u0142\u0119binowych, studni oraz zbiornik\u00f3w. Wysoka moc 5,5 kW zapewnia stabiln\u0105 i efektywn\u0105 prac\u0119 nawet przy wi\u0119kszych instalacjach. Solidna konstrukcja umo\u017cliwia zastosowanie w systemach domowych, rolniczych oraz przemys\u0142owych.<\/p>\n<p>Specyfikacja:<\/p>\n<p>* marka: OMNIGENA<br \/>\n* model: 4SD 8-28<br \/>\n* typ: pompa g\u0142\u0119binowa<br \/>\n* moc: 5,5 kW<br \/>\n* zasilanie: 400 V<br \/>\n* d\u0142ugo\u015b\u0107 kabla: 20 m<br \/>\n* przeznaczenie: czysta woda<\/p>\n<p>Zastosowanie:<\/p>\n<p>* studnie g\u0142\u0119binowe<br \/>\n* instalacje wodne w gospodarstwach i przemy\u015ble<br \/>\n* systemy nawadniania<br \/>\n* zastosowania rolnicze i przemys\u0142owe<\/p>\n<p>Stan produktu:<br \/>\nProdukt nowy, fabrycznie nieu\u017cywany.<\/p>\n<p>Dodatkowe informacje:<\/p>\n<p>* wysoka wydajno\u015b\u0107 pracy<br \/>\n* solidna konstrukcja do pracy ci\u0105g\u0142ej<br \/>\n* szerokie zastosowanie<\/p>\n<p>Zapraszam do zakupu.<\/p>\n","protected":false},"excerpt":{"rendered":"<p>POMPA G\u0141\u0118BINOWA OMNIGENA 4SD 8-28 5,5 kW 400 V 20 m Przedmiotem sprzeda\u017cy jest pompa g\u0142\u0119binowa marki OMNIGENA, model 4SD 8-28, o mocy 5,5 kW, zasilana 400 V, przeznaczona do t\u0142oczenia czystej wody. Opis: Pompa g\u0142\u0119binowa zosta\u0142a zaprojektowana do wydajnego poboru i t\u0142oczenia wody z uj\u0119\u0107 g\u0142\u0119binowych, studni oraz zbiornik\u00f3w. Wysoka moc 5,5 kW zapewnia [&hellip;]<\/p>\n","protected":false},"featured_media":3785,"comment_status":"open","ping_status":"closed","template":"","meta":[],"dostudni_label":[],"product_brand":[23],"product_cat":[19],"product_tag":[],"class_list":{"0":"post-3462","1":"product","2":"type-product","3":"status-publish","4":"has-post-thumbnail","6":"product_brand-omnigena","7":"product_cat-pompy-glebinowe","8":"product_shipping_class-pompy-duze","10":"first","11":"instock","12":"taxable","13":"shipping-taxable","14":"purchasable","15":"product-type-simple"},"_links":{"self":[{"href":"https:\/\/dostudni.com\/index.php\/wp-json\/wp\/v2\/product\/3462","targetHints":{"allow":["GET"]}}],"collection":[{"href":"https:\/\/dostudni.com\/index.php\/wp-json\/wp\/v2\/product"}],"about":[{"href":"https:\/\/dostudni.com\/index.php\/wp-json\/wp\/v2\/types\/product"}],"replies":[{"embeddable":true,"href":"https:\/\/dostudni.com\/index.php\/wp-json\/wp\/v2\/comments?post=3462"}],"wp:featuredmedia":[{"embeddable":true,"href":"https:\/\/dostudni.com\/index.php\/wp-json\/wp\/v2\/media\/3785"}],"wp:attachment":[{"href":"https:\/\/dostudni.com\/index.php\/wp-json\/wp\/v2\/media?parent=3462"}],"wp:term":[{"taxonomy":"dostudni_label","embeddable":true,"href":"https:\/\/dostudni.com\/index.php\/wp-json\/wp\/v2\/dostudni_label?post=3462"},{"taxonomy":"product_brand","embeddable":true,"href":"https:\/\/dostudni.com\/index.php\/wp-json\/wp\/v2\/product_brand?post=3462"},{"taxonomy":"product_cat","embeddable":true,"href":"https:\/\/dostudni.com\/index.php\/wp-json\/wp\/v2\/product_cat?post=3462"},{"taxonomy":"product_tag","embeddable":true,"href":"https:\/\/dostudni.com\/index.php\/wp-json\/wp\/v2\/product_tag?post=3462"}],"curies":[{"name":"wp","href":"https:\/\/api.w.org\/{rel}","templated":true}]}}