{"id":3468,"date":"2026-04-17T11:23:18","date_gmt":"2026-04-17T11:23:18","guid":{"rendered":"https:\/\/dostudni.com\/index.php\/produkt\/6s26-17-92kw-omnigena-pompa-glebinowa-400v\/"},"modified":"2026-04-30T13:23:45","modified_gmt":"2026-04-30T13:23:45","slug":"6s26-17-92kw-omnigena-pompa-glebinowa-400v","status":"publish","type":"product","link":"https:\/\/dostudni.com\/index.php\/produkt\/6s26-17-92kw-omnigena-pompa-glebinowa-400v\/","title":{"rendered":"6S26-17 (9,2kW) OMNIGENA pompa g\u0142\u0119binowa 400V"},"content":{"rendered":"<p>POMPA G\u0141\u0118BINOWA OMNIGENA 6S26-17 9,2 kW 400 V<\/p>\n<p>Przedmiotem sprzeda\u017cy jest pompa g\u0142\u0119binowa marki OMNIGENA, model 6S26-17, o mocy 9,2 kW, zasilana 400 V, przeznaczona do t\u0142oczenia czystej wody.<\/p>\n<p>Opis:<br \/>\nPompa g\u0142\u0119binowa zosta\u0142a zaprojektowana do wydajnego poboru i t\u0142oczenia wody z uj\u0119\u0107 g\u0142\u0119binowych, studni oraz zbiornik\u00f3w. Wysoka moc 9,2 kW zapewnia bardzo du\u017c\u0105 wydajno\u015b\u0107 oraz stabiln\u0105 prac\u0119 w wymagaj\u0105cych instalacjach wodnych. Solidna konstrukcja umo\u017cliwia zastosowanie w systemach przemys\u0142owych, rolniczych oraz du\u017cych instalacjach wodoci\u0105gowych.<\/p>\n<p>Specyfikacja:<\/p>\n<p>* marka: OMNIGENA<br \/>\n* model: 6S26-17<br \/>\n* typ: pompa g\u0142\u0119binowa<br \/>\n* moc: 9,2 kW<br \/>\n* zasilanie: 400 V<br \/>\n* przeznaczenie: czysta woda<\/p>\n<p>Zastosowanie:<\/p>\n<p>* studnie g\u0142\u0119binowe<br \/>\n* instalacje przemys\u0142owe i rolnicze<br \/>\n* systemy wodoci\u0105gowe<br \/>\n* systemy nawadniania<\/p>\n<p>Stan produktu:<br \/>\nProdukt nowy, fabrycznie nieu\u017cywany.<\/p>\n<p>Dodatkowe informacje:<\/p>\n<p>* bardzo wysoka wydajno\u015b\u0107 pracy<br \/>\n* solidna konstrukcja do pracy ci\u0105g\u0142ej<br \/>\n* zastosowanie profesjonalne<\/p>\n<p>Zapraszam do zakupu.<\/p>\n","protected":false},"excerpt":{"rendered":"<p>POMPA G\u0141\u0118BINOWA OMNIGENA 6S26-17 9,2 kW 400 V Przedmiotem sprzeda\u017cy jest pompa g\u0142\u0119binowa marki OMNIGENA, model 6S26-17, o mocy 9,2 kW, zasilana 400 V, przeznaczona do t\u0142oczenia czystej wody. Opis: Pompa g\u0142\u0119binowa zosta\u0142a zaprojektowana do wydajnego poboru i t\u0142oczenia wody z uj\u0119\u0107 g\u0142\u0119binowych, studni oraz zbiornik\u00f3w. Wysoka moc 9,2 kW zapewnia bardzo du\u017c\u0105 wydajno\u015b\u0107 oraz [&hellip;]<\/p>\n","protected":false},"featured_media":3797,"comment_status":"open","ping_status":"closed","template":"","meta":[],"dostudni_label":[],"product_brand":[23],"product_cat":[19],"product_tag":[],"class_list":{"0":"post-3468","1":"product","2":"type-product","3":"status-publish","4":"has-post-thumbnail","6":"product_brand-omnigena","7":"product_cat-pompy-glebinowe","8":"product_shipping_class-pompy-duze","10":"first","11":"instock","12":"taxable","13":"shipping-taxable","14":"purchasable","15":"product-type-simple"},"_links":{"self":[{"href":"https:\/\/dostudni.com\/index.php\/wp-json\/wp\/v2\/product\/3468","targetHints":{"allow":["GET"]}}],"collection":[{"href":"https:\/\/dostudni.com\/index.php\/wp-json\/wp\/v2\/product"}],"about":[{"href":"https:\/\/dostudni.com\/index.php\/wp-json\/wp\/v2\/types\/product"}],"replies":[{"embeddable":true,"href":"https:\/\/dostudni.com\/index.php\/wp-json\/wp\/v2\/comments?post=3468"}],"wp:featuredmedia":[{"embeddable":true,"href":"https:\/\/dostudni.com\/index.php\/wp-json\/wp\/v2\/media\/3797"}],"wp:attachment":[{"href":"https:\/\/dostudni.com\/index.php\/wp-json\/wp\/v2\/media?parent=3468"}],"wp:term":[{"taxonomy":"dostudni_label","embeddable":true,"href":"https:\/\/dostudni.com\/index.php\/wp-json\/wp\/v2\/dostudni_label?post=3468"},{"taxonomy":"product_brand","embeddable":true,"href":"https:\/\/dostudni.com\/index.php\/wp-json\/wp\/v2\/product_brand?post=3468"},{"taxonomy":"product_cat","embeddable":true,"href":"https:\/\/dostudni.com\/index.php\/wp-json\/wp\/v2\/product_cat?post=3468"},{"taxonomy":"product_tag","embeddable":true,"href":"https:\/\/dostudni.com\/index.php\/wp-json\/wp\/v2\/product_tag?post=3468"}],"curies":[{"name":"wp","href":"https:\/\/api.w.org\/{rel}","templated":true}]}}