{"id":3474,"date":"2026-04-17T11:24:05","date_gmt":"2026-04-17T11:24:05","guid":{"rendered":"https:\/\/dostudni.com\/index.php\/produkt\/falownik-imf-33-110proofi-25a-75-92kw\/"},"modified":"2026-04-24T14:37:08","modified_gmt":"2026-04-24T14:37:08","slug":"falownik-imf-33-110proofi-25a-75-92kw","status":"publish","type":"product","link":"https:\/\/dostudni.com\/index.php\/produkt\/falownik-imf-33-110proofi-25a-75-92kw\/","title":{"rendered":"Falownik IMF 3,3 110PROOFI 25A 7,5-9,2kW OMNIGENA"},"content":{"rendered":"<p>Falownik IMF 3.3.110 to inteligentny sterownik do pomp tr\u00f3jfazowych o mocy od 7,5 kW do 9,2 kW. Urz\u0105dzenie automatycznie reguluje pr\u0119dko\u015b\u0107 obrotow\u0105 silnika, aby utrzyma\u0107 sta\u0142e ci\u015bnienie w instalacji, co pozwala na oszcz\u0119dno\u015b\u0107 energii elektrycznej do 63% oraz wyd\u0142u\u017cenie \u017cywotno\u015bci pompy nawet trzykrotnie. Kluczowe parametry techniczne Moc pompy: od 7,5 kW do 9,2 kW. Maksymalne nat\u0119\u017cenie pr\u0105du: 25 A. Napi\u0119cie zasilania: 400 V (tr\u00f3jfazowe). Wymiary: Oko\u0142o 285 x 238 x 440 m. Zalety i funkcjonalno\u015b\u0107 Ochrona uk\u0142adu: Zapewnia pe\u0142ne zabezpieczenie przed suchobiegiem, przeci\u0105\u017ceniem, przepi\u0119ciem, spadkami napi\u0119cia oraz zanikiem fazy. \u0141atwa konfiguracja: System nie wymaga zaawansowanego programowania \u2013 wystarczy ustawi\u0107 \u017c\u0105dane ci\u015bnienie robocze, a sterownik sam dobierze parametry pracy. System Soft-Start: Mi\u0119kki start i zatrzymanie pompy eliminuj\u0105 uderzenia hydrauliczne w instalacji. Wielopompowo\u015b\u0107: Mo\u017cliwo\u015b\u0107 tworzenia zestaw\u00f3w wsp\u00f3\u0142pracuj\u0105cych sk\u0142adaj\u0105cych si\u0119 z nawet 6 pomp<\/p>\n","protected":false},"excerpt":{"rendered":"<p>Falownik IMF 3.3.110 to inteligentny sterownik do pomp tr\u00f3jfazowych o mocy od 7,5 kW do 9,2 kW. Urz\u0105dzenie automatycznie reguluje pr\u0119dko\u015b\u0107 obrotow\u0105 silnika, aby utrzyma\u0107 sta\u0142e ci\u015bnienie w instalacji, co pozwala na oszcz\u0119dno\u015b\u0107 energii elektrycznej do 63% oraz wyd\u0142u\u017cenie \u017cywotno\u015bci pompy nawet trzykrotnie. Kluczowe parametry techniczne Moc pompy: od 7,5 kW do 9,2 kW. Maksymalne [&hellip;]<\/p>\n","protected":false},"featured_media":3473,"comment_status":"open","ping_status":"closed","template":"","meta":[],"dostudni_label":[],"product_brand":[],"product_cat":[62],"product_tag":[],"class_list":{"0":"post-3474","1":"product","2":"type-product","3":"status-publish","4":"has-post-thumbnail","6":"product_cat-falowniki-pomp","7":"product_shipping_class-srednie-paczki","9":"first","10":"instock","11":"taxable","12":"shipping-taxable","13":"purchasable","14":"product-type-simple"},"_links":{"self":[{"href":"https:\/\/dostudni.com\/index.php\/wp-json\/wp\/v2\/product\/3474","targetHints":{"allow":["GET"]}}],"collection":[{"href":"https:\/\/dostudni.com\/index.php\/wp-json\/wp\/v2\/product"}],"about":[{"href":"https:\/\/dostudni.com\/index.php\/wp-json\/wp\/v2\/types\/product"}],"replies":[{"embeddable":true,"href":"https:\/\/dostudni.com\/index.php\/wp-json\/wp\/v2\/comments?post=3474"}],"wp:featuredmedia":[{"embeddable":true,"href":"https:\/\/dostudni.com\/index.php\/wp-json\/wp\/v2\/media\/3473"}],"wp:attachment":[{"href":"https:\/\/dostudni.com\/index.php\/wp-json\/wp\/v2\/media?parent=3474"}],"wp:term":[{"taxonomy":"dostudni_label","embeddable":true,"href":"https:\/\/dostudni.com\/index.php\/wp-json\/wp\/v2\/dostudni_label?post=3474"},{"taxonomy":"product_brand","embeddable":true,"href":"https:\/\/dostudni.com\/index.php\/wp-json\/wp\/v2\/product_brand?post=3474"},{"taxonomy":"product_cat","embeddable":true,"href":"https:\/\/dostudni.com\/index.php\/wp-json\/wp\/v2\/product_cat?post=3474"},{"taxonomy":"product_tag","embeddable":true,"href":"https:\/\/dostudni.com\/index.php\/wp-json\/wp\/v2\/product_tag?post=3474"}],"curies":[{"name":"wp","href":"https:\/\/api.w.org\/{rel}","templated":true}]}}