{"id":3593,"date":"2026-04-24T09:09:10","date_gmt":"2026-04-24T09:09:10","guid":{"rendered":"https:\/\/dostudni.com\/index.php\/produkt\/pompa-glebinowa-35-sc5-22-18kw-230v-omnigena-wk-do-studni-18m\/"},"modified":"2026-04-30T13:23:53","modified_gmt":"2026-04-30T13:23:53","slug":"pompa-glebinowa-35-sc5-22-18kw-230v-omnigena-wk-do-studni-18m","status":"publish","type":"product","link":"https:\/\/dostudni.com\/index.php\/produkt\/pompa-glebinowa-35-sc5-22-18kw-230v-omnigena-wk-do-studni-18m\/","title":{"rendered":"Pompa g\u0142\u0119binowa 3,5\u201d SC5-22 (1,8kW) 230V Omnigena WK do studni 18m"},"content":{"rendered":"<p>Pompa g\u0142\u0119binowa 3,5\u201d SC5-22 (1,8 kW) 230V Omnigena WK do studni 18 m<\/p>\n<p>Oferuj\u0119 wysokiej jako\u015bci pomp\u0119 g\u0142\u0119binow\u0105 przeznaczon\u0105 do pracy w studniach o ma\u0142ej i \u015bredniej \u015brednicy. Model SC5-22 to solidna, energooszcz\u0119dna pompa o zasilaniu jednofazowym, idealna do zastosowa\u0144 domowych, ogrodowych oraz rolniczych.<\/p>\n<p>Specyfikacja:<\/p>\n<p>\u015brednica pompy: 3,5\u201d<br \/>\nmodel: SC5-22<br \/>\nmoc: 1,8 kW<br \/>\nzasilanie: 230V (jednofazowe)<br \/>\nprzeznaczenie: studnie o g\u0142\u0119boko\u015bci do ok. 18 m (w zale\u017cno\u015bci od warunk\u00f3w pracy)<br \/>\nkonstrukcja: wielostopniowa pompa g\u0142\u0119binowa<\/p>\n<p>Zastosowanie:<\/p>\n<p>zaopatrzenie w wod\u0119 dom\u00f3w jednorodzinnych<br \/>\nnawadnianie ogrod\u00f3w i dzia\u0142ek<br \/>\nzasilanie instalacji hydroforowych<br \/>\npob\u00f3r wody ze studni wierconych i kr\u0119gowych<\/p>\n<p>Zalety:<\/p>\n<p>wysoka wydajno\u015b\u0107 przy niskim zu\u017cyciu energii<br \/>\nstabilna praca i odporno\u015b\u0107 na d\u0142ugotrwa\u0142e obci\u0105\u017cenie<br \/>\nkompaktowa \u015brednica umo\u017cliwiaj\u0105ca monta\u017c w w\u0105skich odwiertach<br \/>\ncicha i bezawaryjna praca<br \/>\n\u0142atwa instalacja i obs\u0142uga<\/p>\n<p>Pompa Omnigena SC5-22 to sprawdzone rozwi\u0105zanie do codziennego poboru wody ze studni, zapewniaj\u0105ce stabilne ci\u015bnienie i niezawodno\u015b\u0107 pracy.<\/p>\n","protected":false},"excerpt":{"rendered":"<p>Pompa g\u0142\u0119binowa 3,5\u201d SC5-22 (1,8 kW) 230V Omnigena WK do studni 18 m Oferuj\u0119 wysokiej jako\u015bci pomp\u0119 g\u0142\u0119binow\u0105 przeznaczon\u0105 do pracy w studniach o ma\u0142ej i \u015bredniej \u015brednicy. Model SC5-22 to solidna, energooszcz\u0119dna pompa o zasilaniu jednofazowym, idealna do zastosowa\u0144 domowych, ogrodowych oraz rolniczych. Specyfikacja: \u015brednica pompy: 3,5\u201d model: SC5-22 moc: 1,8 kW zasilanie: 230V [&hellip;]<\/p>\n","protected":false},"featured_media":3809,"comment_status":"open","ping_status":"closed","template":"","meta":[],"dostudni_label":[],"product_brand":[23],"product_cat":[19],"product_tag":[],"class_list":{"0":"post-3593","1":"product","2":"type-product","3":"status-publish","4":"has-post-thumbnail","6":"product_brand-omnigena","7":"product_cat-pompy-glebinowe","8":"product_shipping_class-pompy-male","10":"first","11":"instock","12":"taxable","13":"shipping-taxable","14":"purchasable","15":"product-type-simple"},"_links":{"self":[{"href":"https:\/\/dostudni.com\/index.php\/wp-json\/wp\/v2\/product\/3593","targetHints":{"allow":["GET"]}}],"collection":[{"href":"https:\/\/dostudni.com\/index.php\/wp-json\/wp\/v2\/product"}],"about":[{"href":"https:\/\/dostudni.com\/index.php\/wp-json\/wp\/v2\/types\/product"}],"replies":[{"embeddable":true,"href":"https:\/\/dostudni.com\/index.php\/wp-json\/wp\/v2\/comments?post=3593"}],"wp:featuredmedia":[{"embeddable":true,"href":"https:\/\/dostudni.com\/index.php\/wp-json\/wp\/v2\/media\/3809"}],"wp:attachment":[{"href":"https:\/\/dostudni.com\/index.php\/wp-json\/wp\/v2\/media?parent=3593"}],"wp:term":[{"taxonomy":"dostudni_label","embeddable":true,"href":"https:\/\/dostudni.com\/index.php\/wp-json\/wp\/v2\/dostudni_label?post=3593"},{"taxonomy":"product_brand","embeddable":true,"href":"https:\/\/dostudni.com\/index.php\/wp-json\/wp\/v2\/product_brand?post=3593"},{"taxonomy":"product_cat","embeddable":true,"href":"https:\/\/dostudni.com\/index.php\/wp-json\/wp\/v2\/product_cat?post=3593"},{"taxonomy":"product_tag","embeddable":true,"href":"https:\/\/dostudni.com\/index.php\/wp-json\/wp\/v2\/product_tag?post=3593"}],"curies":[{"name":"wp","href":"https:\/\/api.w.org\/{rel}","templated":true}]}}