{"id":3595,"date":"2026-04-24T11:55:06","date_gmt":"2026-04-24T11:55:06","guid":{"rendered":"https:\/\/dostudni.com\/index.php\/produkt\/falownik-pcf-55kw-3-3-omnigena-400v-do-pompy-62-175a\/"},"modified":"2026-04-24T14:37:12","modified_gmt":"2026-04-24T14:37:12","slug":"falownik-pcf-55kw-3-3-omnigena-400v-do-pompy-62-175a","status":"publish","type":"product","link":"https:\/\/dostudni.com\/index.php\/produkt\/falownik-pcf-55kw-3-3-omnigena-400v-do-pompy-62-175a\/","title":{"rendered":"Falownik PCF 5,5kW 3\/3 Omnigena 400V do pompy 6,2-17,5A"},"content":{"rendered":"<p>Falownik PCF 5,5 kW 3\/3 Omnigena 400V do pompy 6,2\u201317,5 A<\/p>\n<p>Oferuj\u0119 nowoczesny falownik (przemiennik cz\u0119stotliwo\u015bci) przeznaczony do sterowania pompami g\u0142\u0119binowymi i powierzchniowymi o mocy do 5,5 kW. Urz\u0105dzenie umo\u017cliwia p\u0142ynn\u0105 regulacj\u0119 pracy silnika, zapewniaj\u0105c stabilne ci\u015bnienie w instalacji oraz ochron\u0119 pompy przed awariami.<\/p>\n<p>Specyfikacja:<\/p>\n<p>moc: 5,5 kW<br \/>\nzasilanie: 3-fazowe 400V<br \/>\nwyj\u015bcie: 3-fazowe 400V<br \/>\npr\u0105d znamionowy: 6,2\u201317,5 A<br \/>\nprzeznaczenie: pompy g\u0142\u0119binowe i hydroforowe<br \/>\nsterowanie: automatyczne utrzymanie ci\u015bnienia w instalacji<\/p>\n<p>Zastosowanie:<\/p>\n<p>sterowanie pompami g\u0142\u0119binowymi<br \/>\ninstalacje wodoci\u0105gowe w domach i gospodarstwach<br \/>\nsystemy nawadniania<br \/>\nrolnictwo i ogrodnictwo<br \/>\nuk\u0142ady hydroforowe<\/p>\n<p>Zalety:<\/p>\n<p>p\u0142ynny start i zatrzymanie pompy (ochrona silnika)<br \/>\nstabilne ci\u015bnienie w instalacji wodnej<br \/>\nzmniejszenie zu\u017cycia energii elektrycznej<br \/>\nochrona przed suchobiegiem i przeci\u0105\u017ceniem<br \/>\nwyd\u0142u\u017cenie \u017cywotno\u015bci pompy<br \/>\n\u0142atwa konfiguracja i obs\u0142uga<\/p>\n<p>Falownik PCF Omnigena to niezawodne rozwi\u0105zanie do automatyzacji pracy pomp, zwi\u0119kszaj\u0105ce komfort u\u017cytkowania oraz bezpiecze\u0144stwo ca\u0142ej instalacji wodnej.<\/p>\n","protected":false},"excerpt":{"rendered":"<p>Falownik PCF 5,5 kW 3\/3 Omnigena 400V do pompy 6,2\u201317,5 A Oferuj\u0119 nowoczesny falownik (przemiennik cz\u0119stotliwo\u015bci) przeznaczony do sterowania pompami g\u0142\u0119binowymi i powierzchniowymi o mocy do 5,5 kW. Urz\u0105dzenie umo\u017cliwia p\u0142ynn\u0105 regulacj\u0119 pracy silnika, zapewniaj\u0105c stabilne ci\u015bnienie w instalacji oraz ochron\u0119 pompy przed awariami. Specyfikacja: moc: 5,5 kW zasilanie: 3-fazowe 400V wyj\u015bcie: 3-fazowe 400V pr\u0105d [&hellip;]<\/p>\n","protected":false},"featured_media":3594,"comment_status":"open","ping_status":"closed","template":"","meta":[],"dostudni_label":[],"product_brand":[23],"product_cat":[62],"product_tag":[],"class_list":{"0":"post-3595","1":"product","2":"type-product","3":"status-publish","4":"has-post-thumbnail","6":"product_brand-omnigena","7":"product_cat-falowniki-pomp","8":"product_shipping_class-kurier-do-20kg","10":"first","11":"instock","12":"taxable","13":"shipping-taxable","14":"purchasable","15":"product-type-simple"},"_links":{"self":[{"href":"https:\/\/dostudni.com\/index.php\/wp-json\/wp\/v2\/product\/3595","targetHints":{"allow":["GET"]}}],"collection":[{"href":"https:\/\/dostudni.com\/index.php\/wp-json\/wp\/v2\/product"}],"about":[{"href":"https:\/\/dostudni.com\/index.php\/wp-json\/wp\/v2\/types\/product"}],"replies":[{"embeddable":true,"href":"https:\/\/dostudni.com\/index.php\/wp-json\/wp\/v2\/comments?post=3595"}],"wp:featuredmedia":[{"embeddable":true,"href":"https:\/\/dostudni.com\/index.php\/wp-json\/wp\/v2\/media\/3594"}],"wp:attachment":[{"href":"https:\/\/dostudni.com\/index.php\/wp-json\/wp\/v2\/media?parent=3595"}],"wp:term":[{"taxonomy":"dostudni_label","embeddable":true,"href":"https:\/\/dostudni.com\/index.php\/wp-json\/wp\/v2\/dostudni_label?post=3595"},{"taxonomy":"product_brand","embeddable":true,"href":"https:\/\/dostudni.com\/index.php\/wp-json\/wp\/v2\/product_brand?post=3595"},{"taxonomy":"product_cat","embeddable":true,"href":"https:\/\/dostudni.com\/index.php\/wp-json\/wp\/v2\/product_cat?post=3595"},{"taxonomy":"product_tag","embeddable":true,"href":"https:\/\/dostudni.com\/index.php\/wp-json\/wp\/v2\/product_tag?post=3595"}],"curies":[{"name":"wp","href":"https:\/\/api.w.org\/{rel}","templated":true}]}}