{"id":3602,"date":"2026-04-24T12:45:44","date_gmt":"2026-04-24T12:45:44","guid":{"rendered":"https:\/\/dostudni.com\/index.php\/produkt\/rura-studzienna-fi-160x60-pelna-z-gwintem-dlugosc-3m\/"},"modified":"2026-04-30T10:13:51","modified_gmt":"2026-04-30T10:13:51","slug":"rura-studzienna-fi-160x60-pelna-z-gwintem-dlugosc-3m","status":"publish","type":"product","link":"https:\/\/dostudni.com\/index.php\/produkt\/rura-studzienna-fi-160x60-pelna-z-gwintem-dlugosc-3m\/","title":{"rendered":"Rura studzienna fi 160&#215;6,0 pe\u0142na z gwintem, d\u0142ugo\u015b\u0107 3m"},"content":{"rendered":"<p>Rura studzienna fi 160&#215;6,0 pe\u0142na z gwintem, d\u0142ugo\u015b\u0107 3 m to trwa\u0142y element wykorzystywany przy budowie studni g\u0142\u0119binowych oraz instalacji wodnych. Dzi\u0119ki solidnej \u015bciance o grubo\u015bci 6,0 mm charakteryzuje si\u0119 wysok\u0105 odporno\u015bci\u0105 na uszkodzenia mechaniczne i nacisk gruntu, co zapewnia d\u0142ugotrwa\u0142\u0105 i bezpieczn\u0105 eksploatacj\u0119.<\/p>\n<p>Gwintowane zako\u0144czenia umo\u017cliwiaj\u0105 szybkie i szczelne \u0142\u0105czenie kolejnych odcink\u00f3w, u\u0142atwiaj\u0105c monta\u017c ca\u0142ej konstrukcji. Rura sprawdza si\u0119 w wymagaj\u0105cych warunkach, gdzie liczy si\u0119 niezawodno\u015b\u0107, stabilno\u015b\u0107 oraz trwa\u0142o\u015b\u0107 instalacji.<\/p>\n","protected":false},"excerpt":{"rendered":"<p>Rura studzienna fi 160&#215;6,0 pe\u0142na z gwintem, d\u0142ugo\u015b\u0107 3 m to trwa\u0142y element wykorzystywany przy budowie studni g\u0142\u0119binowych oraz instalacji wodnych. Dzi\u0119ki solidnej \u015bciance o grubo\u015bci 6,0 mm charakteryzuje si\u0119 wysok\u0105 odporno\u015bci\u0105 na uszkodzenia mechaniczne i nacisk gruntu, co zapewnia d\u0142ugotrwa\u0142\u0105 i bezpieczn\u0105 eksploatacj\u0119. Gwintowane zako\u0144czenia umo\u017cliwiaj\u0105 szybkie i szczelne \u0142\u0105czenie kolejnych odcink\u00f3w, u\u0142atwiaj\u0105c monta\u017c [&hellip;]<\/p>\n","protected":false},"featured_media":3703,"comment_status":"open","ping_status":"closed","template":"","meta":[],"dostudni_label":[],"product_brand":[],"product_cat":[164],"product_tag":[],"class_list":{"0":"post-3602","1":"product","2":"type-product","3":"status-publish","4":"has-post-thumbnail","6":"product_cat-rury-do-studni","7":"product_shipping_class-ciezkie","9":"first","10":"instock","11":"taxable","12":"shipping-taxable","13":"purchasable","14":"product-type-simple"},"_links":{"self":[{"href":"https:\/\/dostudni.com\/index.php\/wp-json\/wp\/v2\/product\/3602","targetHints":{"allow":["GET"]}}],"collection":[{"href":"https:\/\/dostudni.com\/index.php\/wp-json\/wp\/v2\/product"}],"about":[{"href":"https:\/\/dostudni.com\/index.php\/wp-json\/wp\/v2\/types\/product"}],"replies":[{"embeddable":true,"href":"https:\/\/dostudni.com\/index.php\/wp-json\/wp\/v2\/comments?post=3602"}],"wp:featuredmedia":[{"embeddable":true,"href":"https:\/\/dostudni.com\/index.php\/wp-json\/wp\/v2\/media\/3703"}],"wp:attachment":[{"href":"https:\/\/dostudni.com\/index.php\/wp-json\/wp\/v2\/media?parent=3602"}],"wp:term":[{"taxonomy":"dostudni_label","embeddable":true,"href":"https:\/\/dostudni.com\/index.php\/wp-json\/wp\/v2\/dostudni_label?post=3602"},{"taxonomy":"product_brand","embeddable":true,"href":"https:\/\/dostudni.com\/index.php\/wp-json\/wp\/v2\/product_brand?post=3602"},{"taxonomy":"product_cat","embeddable":true,"href":"https:\/\/dostudni.com\/index.php\/wp-json\/wp\/v2\/product_cat?post=3602"},{"taxonomy":"product_tag","embeddable":true,"href":"https:\/\/dostudni.com\/index.php\/wp-json\/wp\/v2\/product_tag?post=3602"}],"curies":[{"name":"wp","href":"https:\/\/api.w.org\/{rel}","templated":true}]}}