{"id":3605,"date":"2026-04-24T12:45:46","date_gmt":"2026-04-24T12:45:46","guid":{"rendered":"https:\/\/dostudni.com\/index.php\/produkt\/rura-studzienna-fi125x6-pelna-bezkielichowa-z-gwintem-dlugosc-3m\/"},"modified":"2026-04-30T10:13:55","modified_gmt":"2026-04-30T10:13:55","slug":"rura-studzienna-fi125x6-pelna-bezkielichowa-z-gwintem-dlugosc-3m","status":"publish","type":"product","link":"https:\/\/dostudni.com\/index.php\/produkt\/rura-studzienna-fi125x6-pelna-bezkielichowa-z-gwintem-dlugosc-3m\/","title":{"rendered":"Rura studzienna fi125x6 pe\u0142na, bezkielichowa z gwintem, d\u0142ugo\u015b\u0107 3m"},"content":{"rendered":"<p>Rura studzienna fi 125&#215;6 pe\u0142na, bezkielichowa z gwintem, d\u0142ugo\u015b\u0107 3 m to wysokiej jako\u015bci element instalacyjny, przeznaczony do wykorzystywania w systemach kanalizacyjnych, wodoci\u0105gowych oraz innych instalacjach podziemnych. Wykonana z wytrzyma\u0142ego materia\u0142u, rura ta cechuje si\u0119 odporno\u015bci\u0105 na dzia\u0142anie czynnik\u00f3w zewn\u0119trznych, takich jak wilgo\u0107, korozja czy uszkodzenia mechaniczne, co zapewnia jej d\u0142ugowieczno\u015b\u0107.<\/p>\n<p>Bezpieczne po\u0142\u0105czenie gwintowe umo\u017cliwia \u0142atwy monta\u017c i demonta\u017c, a brak kielicha sprawia, \u017ce jest idealna do \u0142\u0105czenia z innymi elementami system\u00f3w instalacyjnych. D\u0142ugo\u015b\u0107 3 m pozwala na elastyczne dopasowanie do r\u00f3\u017cnych aplikacji, zar\u00f3wno w budownictwie, jak i w pracach zwi\u0105zanych z instalacjami podziemnymi.<\/p>\n","protected":false},"excerpt":{"rendered":"<p>Rura studzienna fi 125&#215;6 pe\u0142na, bezkielichowa z gwintem, d\u0142ugo\u015b\u0107 3 m to wysokiej jako\u015bci element instalacyjny, przeznaczony do wykorzystywania w systemach kanalizacyjnych, wodoci\u0105gowych oraz innych instalacjach podziemnych. Wykonana z wytrzyma\u0142ego materia\u0142u, rura ta cechuje si\u0119 odporno\u015bci\u0105 na dzia\u0142anie czynnik\u00f3w zewn\u0119trznych, takich jak wilgo\u0107, korozja czy uszkodzenia mechaniczne, co zapewnia jej d\u0142ugowieczno\u015b\u0107. Bezpieczne po\u0142\u0105czenie gwintowe umo\u017cliwia [&hellip;]<\/p>\n","protected":false},"featured_media":3705,"comment_status":"open","ping_status":"closed","template":"","meta":[],"dostudni_label":[],"product_brand":[],"product_cat":[164],"product_tag":[],"class_list":{"0":"post-3605","1":"product","2":"type-product","3":"status-publish","4":"has-post-thumbnail","6":"product_cat-rury-do-studni","7":"product_shipping_class-ciezkie","9":"first","10":"instock","11":"taxable","12":"shipping-taxable","13":"purchasable","14":"product-type-simple"},"_links":{"self":[{"href":"https:\/\/dostudni.com\/index.php\/wp-json\/wp\/v2\/product\/3605","targetHints":{"allow":["GET"]}}],"collection":[{"href":"https:\/\/dostudni.com\/index.php\/wp-json\/wp\/v2\/product"}],"about":[{"href":"https:\/\/dostudni.com\/index.php\/wp-json\/wp\/v2\/types\/product"}],"replies":[{"embeddable":true,"href":"https:\/\/dostudni.com\/index.php\/wp-json\/wp\/v2\/comments?post=3605"}],"wp:featuredmedia":[{"embeddable":true,"href":"https:\/\/dostudni.com\/index.php\/wp-json\/wp\/v2\/media\/3705"}],"wp:attachment":[{"href":"https:\/\/dostudni.com\/index.php\/wp-json\/wp\/v2\/media?parent=3605"}],"wp:term":[{"taxonomy":"dostudni_label","embeddable":true,"href":"https:\/\/dostudni.com\/index.php\/wp-json\/wp\/v2\/dostudni_label?post=3605"},{"taxonomy":"product_brand","embeddable":true,"href":"https:\/\/dostudni.com\/index.php\/wp-json\/wp\/v2\/product_brand?post=3605"},{"taxonomy":"product_cat","embeddable":true,"href":"https:\/\/dostudni.com\/index.php\/wp-json\/wp\/v2\/product_cat?post=3605"},{"taxonomy":"product_tag","embeddable":true,"href":"https:\/\/dostudni.com\/index.php\/wp-json\/wp\/v2\/product_tag?post=3605"}],"curies":[{"name":"wp","href":"https:\/\/api.w.org\/{rel}","templated":true}]}}