{"id":3660,"date":"2026-04-27T13:25:29","date_gmt":"2026-04-27T13:25:29","guid":{"rendered":"https:\/\/dostudni.com\/index.php\/produkt\/pokrywa-na-studnie-ems-169-193mm\/"},"modified":"2026-04-28T09:33:39","modified_gmt":"2026-04-28T09:33:39","slug":"pokrywa-na-studnie-ems-169-193mm","status":"publish","type":"product","link":"https:\/\/dostudni.com\/index.php\/produkt\/pokrywa-na-studnie-ems-169-193mm\/","title":{"rendered":"Pokrywa na studni\u0119 EMS 169-193mm"},"content":{"rendered":"<p>Pokrywa studni EMS 169\u2013193 mm \u2013 ochrona i estetyczne wyko\u0144czenie studni<\/p>\n<p>Praktyczna pokrywa przeznaczona do zabezpieczenia studni g\u0142\u0119binowej o \u015brednicy 169\u2013193 mm. To solidne rozwi\u0105zanie, kt\u00f3re chroni wn\u0119trze studni przed zanieczyszczeniami, wod\u0105 deszczow\u0105 oraz dost\u0119pem os\u00f3b trzecich, jednocze\u015bnie zapewniaj\u0105c estetyczne wyko\u0144czenie instalacji.<\/p>\n<p>Pokrywa zosta\u0142a wykonana z trwa\u0142ych materia\u0142\u00f3w odpornych na warunki atmosferyczne, dzi\u0119ki czemu sprawdzi si\u0119 w u\u017cytkowaniu przez ca\u0142y rok \u2013 zar\u00f3wno w gospodarstwach domowych, jak i rolnych.<\/p>\n<p>Najwa\u017cniejsze zalety:<\/p>\n<p>* pasuje do rur o \u015brednicy 169\u2013193 mm<br \/>\n* skuteczna ochrona studni przed zabrudzeniami i wilgoci\u0105<br \/>\n* odporna konstrukcja na warunki zewn\u0119trzne<br \/>\n* szybki i wygodny monta\u017c<br \/>\n* estetyczny wygl\u0105d ca\u0142ej instalacji<\/p>\n<p>Zastosowanie:<br \/>\nDo zabezpieczania studni g\u0142\u0119binowych, w kt\u00f3rych zamontowane s\u0105 pompy wodne lub instalacje hydrauliczne.<\/p>\n<p>Solidne i proste rozwi\u0105zanie, kt\u00f3re zwi\u0119ksza bezpiecze\u0144stwo oraz trwa\u0142o\u015b\u0107 ca\u0142ej studni.<\/p>\n","protected":false},"excerpt":{"rendered":"<p>Pokrywa studni EMS 169\u2013193 mm \u2013 ochrona i estetyczne wyko\u0144czenie studni Praktyczna pokrywa przeznaczona do zabezpieczenia studni g\u0142\u0119binowej o \u015brednicy 169\u2013193 mm. To solidne rozwi\u0105zanie, kt\u00f3re chroni wn\u0119trze studni przed zanieczyszczeniami, wod\u0105 deszczow\u0105 oraz dost\u0119pem os\u00f3b trzecich, jednocze\u015bnie zapewniaj\u0105c estetyczne wyko\u0144czenie instalacji. Pokrywa zosta\u0142a wykonana z trwa\u0142ych materia\u0142\u00f3w odpornych na warunki atmosferyczne, dzi\u0119ki czemu sprawdzi [&hellip;]<\/p>\n","protected":false},"featured_media":3659,"comment_status":"open","ping_status":"closed","template":"","meta":[],"dostudni_label":[],"product_brand":[],"product_cat":[19],"product_tag":[],"class_list":{"0":"post-3660","1":"product","2":"type-product","3":"status-publish","4":"has-post-thumbnail","6":"product_cat-pompy-glebinowe","7":"product_shipping_class-pompy-male","9":"first","10":"instock","11":"taxable","12":"shipping-taxable","13":"purchasable","14":"product-type-simple"},"_links":{"self":[{"href":"https:\/\/dostudni.com\/index.php\/wp-json\/wp\/v2\/product\/3660","targetHints":{"allow":["GET"]}}],"collection":[{"href":"https:\/\/dostudni.com\/index.php\/wp-json\/wp\/v2\/product"}],"about":[{"href":"https:\/\/dostudni.com\/index.php\/wp-json\/wp\/v2\/types\/product"}],"replies":[{"embeddable":true,"href":"https:\/\/dostudni.com\/index.php\/wp-json\/wp\/v2\/comments?post=3660"}],"wp:featuredmedia":[{"embeddable":true,"href":"https:\/\/dostudni.com\/index.php\/wp-json\/wp\/v2\/media\/3659"}],"wp:attachment":[{"href":"https:\/\/dostudni.com\/index.php\/wp-json\/wp\/v2\/media?parent=3660"}],"wp:term":[{"taxonomy":"dostudni_label","embeddable":true,"href":"https:\/\/dostudni.com\/index.php\/wp-json\/wp\/v2\/dostudni_label?post=3660"},{"taxonomy":"product_brand","embeddable":true,"href":"https:\/\/dostudni.com\/index.php\/wp-json\/wp\/v2\/product_brand?post=3660"},{"taxonomy":"product_cat","embeddable":true,"href":"https:\/\/dostudni.com\/index.php\/wp-json\/wp\/v2\/product_cat?post=3660"},{"taxonomy":"product_tag","embeddable":true,"href":"https:\/\/dostudni.com\/index.php\/wp-json\/wp\/v2\/product_tag?post=3660"}],"curies":[{"name":"wp","href":"https:\/\/api.w.org\/{rel}","templated":true}]}}