{"id":3671,"date":"2026-04-28T08:51:15","date_gmt":"2026-04-28T08:51:15","guid":{"rendered":"https:\/\/dostudni.com\/index.php\/produkt\/schmith-wiertlo-do-metalu-kobaltowe-65-swco-65\/"},"modified":"2026-04-28T09:38:10","modified_gmt":"2026-04-28T09:38:10","slug":"schmith-wiertlo-do-metalu-kobaltowe-65-swco-65","status":"publish","type":"product","link":"https:\/\/dostudni.com\/index.php\/produkt\/schmith-wiertlo-do-metalu-kobaltowe-65-swco-65\/","title":{"rendered":"Schmith Wiert\u0142o do metalu kobaltowe 6,5 SWCO-6,5"},"content":{"rendered":"<p>Wiert\u0142o Schmith Wiert\u0142o do metalu kobaltowe 6,5 SWCO-6,5 to narz\u0119dzie wysokiej jako\u015bci, zaprojektowane do precyzyjnego wiercenia w twardych materia\u0142ach metalowych. Wykonane z wysokogatunkowej stali kobaltowej, kt\u00f3re charakteryzuj\u0105 si\u0119 wyj\u0105tkow\u0105 odporno\u015bci\u0105 na wysokie temperatury i \u015bcieranie. Dzi\u0119ki zastosowaniu kobaltu, wiert\u0142o zapewnia d\u0142ugowieczno\u015b\u0107 i stabilno\u015b\u0107 pracy, nawet przy intensywnym u\u017cytkowaniu. Optymalna geometria ostrza umo\u017cliwia szybkie i efektywne wiercenie, minimalizuj\u0105c ryzyko uszkodzenia materia\u0142u. Doskona\u0142e do wiercenia w stali nierdzewnej, stopach metali oraz innych twardych materia\u0142ach. Produkt idealny zar\u00f3wno dla profesjonalist\u00f3w, jak i hobbyst\u00f3w zajmuj\u0105cych si\u0119 precyzyjnymi pracami w warsztatach.<\/p>\n","protected":false},"excerpt":{"rendered":"<p>Wiert\u0142o Schmith Wiert\u0142o do metalu kobaltowe 6,5 SWCO-6,5 to narz\u0119dzie wysokiej jako\u015bci, zaprojektowane do precyzyjnego wiercenia w twardych materia\u0142ach metalowych. Wykonane z wysokogatunkowej stali kobaltowej, kt\u00f3re charakteryzuj\u0105 si\u0119 wyj\u0105tkow\u0105 odporno\u015bci\u0105 na wysokie temperatury i \u015bcieranie. Dzi\u0119ki zastosowaniu kobaltu, wiert\u0142o zapewnia d\u0142ugowieczno\u015b\u0107 i stabilno\u015b\u0107 pracy, nawet przy intensywnym u\u017cytkowaniu. Optymalna geometria ostrza umo\u017cliwia szybkie i efektywne [&hellip;]<\/p>\n","protected":false},"featured_media":3670,"comment_status":"open","ping_status":"closed","template":"","meta":[],"dostudni_label":[],"product_brand":[302],"product_cat":[296],"product_tag":[],"class_list":{"0":"post-3671","1":"product","2":"type-product","3":"status-publish","4":"has-post-thumbnail","6":"product_brand-schmith","7":"product_cat-narzedzia","8":"product_shipping_class-male","10":"first","11":"instock","12":"taxable","13":"shipping-taxable","14":"purchasable","15":"product-type-simple"},"_links":{"self":[{"href":"https:\/\/dostudni.com\/index.php\/wp-json\/wp\/v2\/product\/3671","targetHints":{"allow":["GET"]}}],"collection":[{"href":"https:\/\/dostudni.com\/index.php\/wp-json\/wp\/v2\/product"}],"about":[{"href":"https:\/\/dostudni.com\/index.php\/wp-json\/wp\/v2\/types\/product"}],"replies":[{"embeddable":true,"href":"https:\/\/dostudni.com\/index.php\/wp-json\/wp\/v2\/comments?post=3671"}],"wp:featuredmedia":[{"embeddable":true,"href":"https:\/\/dostudni.com\/index.php\/wp-json\/wp\/v2\/media\/3670"}],"wp:attachment":[{"href":"https:\/\/dostudni.com\/index.php\/wp-json\/wp\/v2\/media?parent=3671"}],"wp:term":[{"taxonomy":"dostudni_label","embeddable":true,"href":"https:\/\/dostudni.com\/index.php\/wp-json\/wp\/v2\/dostudni_label?post=3671"},{"taxonomy":"product_brand","embeddable":true,"href":"https:\/\/dostudni.com\/index.php\/wp-json\/wp\/v2\/product_brand?post=3671"},{"taxonomy":"product_cat","embeddable":true,"href":"https:\/\/dostudni.com\/index.php\/wp-json\/wp\/v2\/product_cat?post=3671"},{"taxonomy":"product_tag","embeddable":true,"href":"https:\/\/dostudni.com\/index.php\/wp-json\/wp\/v2\/product_tag?post=3671"}],"curies":[{"name":"wp","href":"https:\/\/api.w.org\/{rel}","templated":true}]}}