{"id":3684,"date":"2026-04-28T09:11:25","date_gmt":"2026-04-28T09:11:25","guid":{"rendered":"https:\/\/dostudni.com\/index.php\/produkt\/zlaczka-korek-32\/"},"modified":"2026-04-30T06:29:08","modified_gmt":"2026-04-30T06:29:08","slug":"zlaczka-korek-32","status":"publish","type":"product","link":"https:\/\/dostudni.com\/index.php\/produkt\/zlaczka-korek-32\/","title":{"rendered":"Z\u0142\u0105czka korek 32"},"content":{"rendered":"<p>Z\u0142\u0105czka korek 32 mm<\/p>\n<p>Oferuj\u0119 z\u0142\u0105czk\u0119 z za\u015blepk\u0105 (korek) przeznaczon\u0105 do rur o \u015brednicy 32 mm. Element s\u0142u\u017cy do szybkiego i szczelnego zamykania instalacji wodnych oraz zabezpieczania ko\u0144c\u00f3wek rur przed wyciekiem wody i zanieczyszczeniami.<\/p>\n<p>Specyfikacja:<\/p>\n<p>\u015brednica: 32 mm<br \/>\ntyp: z\u0142\u0105czka z korkiem \/ za\u015blepk\u0105<br \/>\nmateria\u0142: tworzywo sztuczne odporne na ci\u015bnienie i warunki wodne<br \/>\nmonta\u017c: szybkoz\u0142\u0105czny lub wciskowy (w zale\u017cno\u015bci od wersji)<\/p>\n<p>Zastosowanie:<\/p>\n<p>instalacje wodne i ogrodowe<br \/>\nsystemy nawadniania<br \/>\ninstalacje hydroforowe<br \/>\ntymczasowe lub sta\u0142e zamkni\u0119cie rur<br \/>\nzabezpieczenie ko\u0144c\u00f3wek przewod\u00f3w<\/p>\n<p>Zalety:<\/p>\n<p>szybki i \u0142atwy monta\u017c bez u\u017cycia specjalistycznych narz\u0119dzi<br \/>\nszczelne zamkni\u0119cie instalacji<br \/>\nodporno\u015b\u0107 na wilgo\u0107 i warunki zewn\u0119trzne<br \/>\nmo\u017cliwo\u015b\u0107 wielokrotnego u\u017cycia<br \/>\nuniwersalne zastosowanie w instalacjach 32 mm<\/p>\n","protected":false},"excerpt":{"rendered":"<p>Z\u0142\u0105czka korek 32 mm Oferuj\u0119 z\u0142\u0105czk\u0119 z za\u015blepk\u0105 (korek) przeznaczon\u0105 do rur o \u015brednicy 32 mm. Element s\u0142u\u017cy do szybkiego i szczelnego zamykania instalacji wodnych oraz zabezpieczania ko\u0144c\u00f3wek rur przed wyciekiem wody i zanieczyszczeniami. Specyfikacja: \u015brednica: 32 mm typ: z\u0142\u0105czka z korkiem \/ za\u015blepk\u0105 materia\u0142: tworzywo sztuczne odporne na ci\u015bnienie i warunki wodne monta\u017c: szybkoz\u0142\u0105czny [&hellip;]<\/p>\n","protected":false},"featured_media":3683,"comment_status":"open","ping_status":"closed","template":"","meta":[],"dostudni_label":[],"product_brand":[92],"product_cat":[76],"product_tag":[],"class_list":{"0":"post-3684","1":"product","2":"type-product","3":"status-publish","4":"has-post-thumbnail","6":"product_brand-agaflex","7":"product_cat-zlaczki","8":"product_shipping_class-male","10":"first","11":"instock","12":"taxable","13":"shipping-taxable","14":"purchasable","15":"product-type-simple"},"_links":{"self":[{"href":"https:\/\/dostudni.com\/index.php\/wp-json\/wp\/v2\/product\/3684","targetHints":{"allow":["GET"]}}],"collection":[{"href":"https:\/\/dostudni.com\/index.php\/wp-json\/wp\/v2\/product"}],"about":[{"href":"https:\/\/dostudni.com\/index.php\/wp-json\/wp\/v2\/types\/product"}],"replies":[{"embeddable":true,"href":"https:\/\/dostudni.com\/index.php\/wp-json\/wp\/v2\/comments?post=3684"}],"wp:featuredmedia":[{"embeddable":true,"href":"https:\/\/dostudni.com\/index.php\/wp-json\/wp\/v2\/media\/3683"}],"wp:attachment":[{"href":"https:\/\/dostudni.com\/index.php\/wp-json\/wp\/v2\/media?parent=3684"}],"wp:term":[{"taxonomy":"dostudni_label","embeddable":true,"href":"https:\/\/dostudni.com\/index.php\/wp-json\/wp\/v2\/dostudni_label?post=3684"},{"taxonomy":"product_brand","embeddable":true,"href":"https:\/\/dostudni.com\/index.php\/wp-json\/wp\/v2\/product_brand?post=3684"},{"taxonomy":"product_cat","embeddable":true,"href":"https:\/\/dostudni.com\/index.php\/wp-json\/wp\/v2\/product_cat?post=3684"},{"taxonomy":"product_tag","embeddable":true,"href":"https:\/\/dostudni.com\/index.php\/wp-json\/wp\/v2\/product_tag?post=3684"}],"curies":[{"name":"wp","href":"https:\/\/api.w.org\/{rel}","templated":true}]}}