{"id":3686,"date":"2026-04-28T09:11:26","date_gmt":"2026-04-28T09:11:26","guid":{"rendered":"https:\/\/dostudni.com\/index.php\/produkt\/zlaczka-korek-40\/"},"modified":"2026-04-29T12:22:19","modified_gmt":"2026-04-29T12:22:19","slug":"zlaczka-korek-40","status":"publish","type":"product","link":"https:\/\/dostudni.com\/index.php\/produkt\/zlaczka-korek-40\/","title":{"rendered":"Z\u0142\u0105czka korek 40"},"content":{"rendered":"<p>Z\u0142\u0105czka korek 40 mm<\/p>\n<p>Oferuj\u0119 z\u0142\u0105czk\u0119 z korkiem (za\u015blepk\u0105) przeznaczon\u0105 do rur o \u015brednicy 40 mm. Element s\u0142u\u017cy do szczelnego zamykania instalacji wodnych oraz zabezpieczania ko\u0144c\u00f3wek rur przed wyp\u0142ywem wody i przedostawaniem si\u0119 zanieczyszcze\u0144.<\/p>\n<p>Specyfikacja:<\/p>\n<p>\u015brednica: 40 mm<br \/>\ntyp: z\u0142\u0105czka z korkiem \/ za\u015blepk\u0105<br \/>\nmateria\u0142: wytrzyma\u0142e tworzywo sztuczne odporne na ci\u015bnienie i warunki wodne<br \/>\nmonta\u017c: szybki monta\u017c wciskowy lub z\u0142\u0105czkowy (w zale\u017cno\u015bci od wersji)<\/p>\n<p>Zastosowanie:<\/p>\n<p>instalacje wodne i ogrodowe<br \/>\nsystemy nawadniania<br \/>\ninstalacje hydroforowe<br \/>\nzabezpieczenie ko\u0144c\u00f3wek rur<br \/>\nczasowe lub sta\u0142e zamkni\u0119cie przewod\u00f3w<\/p>\n<p>Zalety:<\/p>\n<p>szybki i prosty monta\u017c bez narz\u0119dzi<br \/>\nszczelne zamkni\u0119cie instalacji<br \/>\nodporno\u015b\u0107 na wilgo\u0107 i warunki zewn\u0119trzne<br \/>\nmo\u017cliwo\u015b\u0107 wielokrotnego u\u017cycia<br \/>\nuniwersalne zastosowanie w instalacjach 40 mm<\/p>\n","protected":false},"excerpt":{"rendered":"<p>Z\u0142\u0105czka korek 40 mm Oferuj\u0119 z\u0142\u0105czk\u0119 z korkiem (za\u015blepk\u0105) przeznaczon\u0105 do rur o \u015brednicy 40 mm. Element s\u0142u\u017cy do szczelnego zamykania instalacji wodnych oraz zabezpieczania ko\u0144c\u00f3wek rur przed wyp\u0142ywem wody i przedostawaniem si\u0119 zanieczyszcze\u0144. Specyfikacja: \u015brednica: 40 mm typ: z\u0142\u0105czka z korkiem \/ za\u015blepk\u0105 materia\u0142: wytrzyma\u0142e tworzywo sztuczne odporne na ci\u015bnienie i warunki wodne monta\u017c: [&hellip;]<\/p>\n","protected":false},"featured_media":3685,"comment_status":"open","ping_status":"closed","template":"","meta":[],"dostudni_label":[],"product_brand":[92],"product_cat":[76],"product_tag":[],"class_list":{"0":"post-3686","1":"product","2":"type-product","3":"status-publish","4":"has-post-thumbnail","6":"product_brand-agaflex","7":"product_cat-zlaczki","8":"product_shipping_class-male","10":"first","11":"instock","12":"taxable","13":"shipping-taxable","14":"purchasable","15":"product-type-simple"},"_links":{"self":[{"href":"https:\/\/dostudni.com\/index.php\/wp-json\/wp\/v2\/product\/3686","targetHints":{"allow":["GET"]}}],"collection":[{"href":"https:\/\/dostudni.com\/index.php\/wp-json\/wp\/v2\/product"}],"about":[{"href":"https:\/\/dostudni.com\/index.php\/wp-json\/wp\/v2\/types\/product"}],"replies":[{"embeddable":true,"href":"https:\/\/dostudni.com\/index.php\/wp-json\/wp\/v2\/comments?post=3686"}],"wp:featuredmedia":[{"embeddable":true,"href":"https:\/\/dostudni.com\/index.php\/wp-json\/wp\/v2\/media\/3685"}],"wp:attachment":[{"href":"https:\/\/dostudni.com\/index.php\/wp-json\/wp\/v2\/media?parent=3686"}],"wp:term":[{"taxonomy":"dostudni_label","embeddable":true,"href":"https:\/\/dostudni.com\/index.php\/wp-json\/wp\/v2\/dostudni_label?post=3686"},{"taxonomy":"product_brand","embeddable":true,"href":"https:\/\/dostudni.com\/index.php\/wp-json\/wp\/v2\/product_brand?post=3686"},{"taxonomy":"product_cat","embeddable":true,"href":"https:\/\/dostudni.com\/index.php\/wp-json\/wp\/v2\/product_cat?post=3686"},{"taxonomy":"product_tag","embeddable":true,"href":"https:\/\/dostudni.com\/index.php\/wp-json\/wp\/v2\/product_tag?post=3686"}],"curies":[{"name":"wp","href":"https:\/\/api.w.org\/{rel}","templated":true}]}}