{"id":3688,"date":"2026-04-28T09:12:09","date_gmt":"2026-04-28T09:12:09","guid":{"rendered":"https:\/\/dostudni.com\/index.php\/produkt\/korek-studzienny-160-niebieski-pvc-u-gamrat-wellgam\/"},"modified":"2026-04-30T14:21:12","modified_gmt":"2026-04-30T14:21:12","slug":"korek-studzienny-160-niebieski-pvc-u-gamrat-wellgam","status":"publish","type":"product","link":"https:\/\/dostudni.com\/index.php\/produkt\/korek-studzienny-160-niebieski-pvc-u-gamrat-wellgam\/","title":{"rendered":"Korek studzienny 160 niebieski PVC-U Gamrat WellGam"},"content":{"rendered":"<p>Korek studzienny 160 mm niebieski PVC-U Gamrat WellGam<\/p>\n<p>Oferuj\u0119 wysokiej jako\u015bci korek studzienny przeznaczony do rur o \u015brednicy 160 mm w systemie Gamrat WellGam. Produkt s\u0142u\u017cy do szczelnego zamkni\u0119cia rury studziennej oraz zabezpieczenia instalacji przed dostawaniem si\u0119 piasku, mu\u0142u i innych zanieczyszcze\u0144.<\/p>\n<p>Specyfikacja:<\/p>\n<p>\u015brednica: 160 mm (DN 160)<br \/>\nmateria\u0142: PVC-U (wysokiej jako\u015bci tworzywo odporne na warunki gruntowe i wodne)<br \/>\nkolor: niebieski<br \/>\nsystem: Gamrat WellGam<br \/>\nmonta\u017c: wcisk \/ dopasowanie systemowe<\/p>\n<p>Zastosowanie:<\/p>\n<p>zamykanie rur studziennych<br \/>\nzabezpieczenie dolnej cz\u0119\u015bci kolumny studziennej<br \/>\nochrona instalacji przed zanieczyszczeniami<br \/>\nstosowany w studniach wierconych i systemach wodnych<\/p>\n<p>Zalety:<\/p>\n<p>wysoka odporno\u015b\u0107 na korozj\u0119 i wilgo\u0107<br \/>\ntrwa\u0142a i szczelna konstrukcja<br \/>\n\u0142atwy monta\u017c i demonta\u017c<br \/>\ndopasowanie do systemowych rur studziennych<br \/>\nd\u0142uga \u017cywotno\u015b\u0107 w warunkach gruntowych<\/p>\n","protected":false},"excerpt":{"rendered":"<p>Korek studzienny 160 mm niebieski PVC-U Gamrat WellGam Oferuj\u0119 wysokiej jako\u015bci korek studzienny przeznaczony do rur o \u015brednicy 160 mm w systemie Gamrat WellGam. Produkt s\u0142u\u017cy do szczelnego zamkni\u0119cia rury studziennej oraz zabezpieczenia instalacji przed dostawaniem si\u0119 piasku, mu\u0142u i innych zanieczyszcze\u0144. Specyfikacja: \u015brednica: 160 mm (DN 160) materia\u0142: PVC-U (wysokiej jako\u015bci tworzywo odporne na [&hellip;]<\/p>\n","protected":false},"featured_media":3830,"comment_status":"open","ping_status":"closed","template":"","meta":[],"dostudni_label":[],"product_brand":[],"product_cat":[76],"product_tag":[],"class_list":{"0":"post-3688","1":"product","2":"type-product","3":"status-publish","4":"has-post-thumbnail","6":"product_cat-zlaczki","7":"product_shipping_class-male","9":"first","10":"instock","11":"taxable","12":"shipping-taxable","13":"purchasable","14":"product-type-simple"},"_links":{"self":[{"href":"https:\/\/dostudni.com\/index.php\/wp-json\/wp\/v2\/product\/3688","targetHints":{"allow":["GET"]}}],"collection":[{"href":"https:\/\/dostudni.com\/index.php\/wp-json\/wp\/v2\/product"}],"about":[{"href":"https:\/\/dostudni.com\/index.php\/wp-json\/wp\/v2\/types\/product"}],"replies":[{"embeddable":true,"href":"https:\/\/dostudni.com\/index.php\/wp-json\/wp\/v2\/comments?post=3688"}],"wp:featuredmedia":[{"embeddable":true,"href":"https:\/\/dostudni.com\/index.php\/wp-json\/wp\/v2\/media\/3830"}],"wp:attachment":[{"href":"https:\/\/dostudni.com\/index.php\/wp-json\/wp\/v2\/media?parent=3688"}],"wp:term":[{"taxonomy":"dostudni_label","embeddable":true,"href":"https:\/\/dostudni.com\/index.php\/wp-json\/wp\/v2\/dostudni_label?post=3688"},{"taxonomy":"product_brand","embeddable":true,"href":"https:\/\/dostudni.com\/index.php\/wp-json\/wp\/v2\/product_brand?post=3688"},{"taxonomy":"product_cat","embeddable":true,"href":"https:\/\/dostudni.com\/index.php\/wp-json\/wp\/v2\/product_cat?post=3688"},{"taxonomy":"product_tag","embeddable":true,"href":"https:\/\/dostudni.com\/index.php\/wp-json\/wp\/v2\/product_tag?post=3688"}],"curies":[{"name":"wp","href":"https:\/\/api.w.org\/{rel}","templated":true}]}}